{"id":1715,"date":"2025-03-18T13:26:32","date_gmt":"2025-03-18T13:26:32","guid":{"rendered":"https:\/\/kasteeloostvalkenburg.com\/restaurant\/arrangements\/"},"modified":"2025-05-06T08:49:25","modified_gmt":"2025-05-06T08:49:25","slug":"arrangements","status":"publish","type":"page","link":"https:\/\/staging.kasteeloostvalkenburg.com\/fr\/restaurant\/arrangements\/","title":{"rendered":"Arrangements"},"content":{"rendered":"\r\n    <section class=\"hero image-right\">\r\n        <div class=\"row d-flex align-items-center\">\r\n            <div class=\"col-12 col-lg-7\">\r\n                <div class=\"hero__intro\">\r\n                                            <div class=\"eye-block breadcrumbs-wrapper\">\r\n                            \r\n            <ul class=\"site-breadcrumbs\">\r\n                <li class=\"crumb\">\r\n                    <a class=\"disable-line\" href=\"https:\/\/staging.kasteeloostvalkenburg.com\">\r\n                        <i class=\"fa-regular fa-home\"><\/i>\r\n                    <\/a>\r\n                <\/li>\r\n                                    <div class=\"divider\"><\/div>\r\n                    <li class=\"crumb first\">\r\n                        <a class=\"disable-line\" href=\"https:\/\/staging.kasteeloostvalkenburg.com\/fr\/restaurant\/\">Restaurant<\/a>\r\n                    <\/li>\r\n                                        <div class=\"divider\"><\/div>\r\n                    <li class=\"crumb \">\r\n                        <a class=\"disable-line\" href=\"https:\/\/staging.kasteeloostvalkenburg.com\/fr\/restaurant\/arrangements\/\">Arrangements<\/a>\r\n                    <\/li>\r\n                                <\/ul>\r\n        \r\n                                        <\/div>\r\n                                        <p class=\"hero__intro-subtitle\">D\u00e9couvrez les forfaits de Mon R\u00eave<\/p>\r\n                    <h1>Plaisirs culinaires avec un forfait<\/h1>\r\n                    <div class=\"hero__intro-content\">\r\n                        <p><p>Envie d&rsquo;un apr\u00e8s-midi plein de saveurs et de convivialit\u00e9 ? Vous pouvez d\u00eener de mani\u00e8re \u00e9labor\u00e9e \u00e0 Mon R\u00eave. Et nos arrangements sont parfaits pour toutes les occasions. Que vous recherchiez un moment de d\u00e9tente avec vos amies, que vous planifiez une r\u00e9union confortable avec vos coll\u00e8gues ou que vous souhaitiez surprendre quelqu&rsquo;un avec une exp\u00e9rience culinaire, nous vous offrons une exp\u00e9rience inoubliable.<\/p>\n<\/p>\r\n\r\n                        \r\n                    <\/div>\r\n                <\/div>\r\n            <\/div>\r\n            <div class=\"col-12 col-lg-5\">\r\n                                    <div class=\"hero__image\">\r\n                        <img decoding=\"async\" src=\"https:\/\/staging.kasteeloostvalkenburg.com\/wp-content\/uploads\/2025\/04\/High-Tea-en-High-Wine-31-scaled-e1744614474225.jpg\" alt=\"\">\r\n                    <\/div>\r\n                            <\/div>\r\n        <\/div>\r\n    <\/section>\r\n\r\n\r\n<div class=\"eye-block empty-space empty-space--large pt-md-5 pb-md-5 pt-4 pb-4\" ><\/div>\r\n    <div class=\"eye-block contentblock fade-in-animation\">\r\n        <div class=\"contentblock__colored-bg alt\">\r\n            <div class=\"row gx-6\">\r\n                <div class=\"col-12 col-lg-6\">\r\n                    <div class=\"contentblock__colored-bg__image alt\">\r\n                        <img decoding=\"async\" src=\"https:\/\/staging.kasteeloostvalkenburg.com\/wp-content\/uploads\/2025\/03\/High-Tea-en-High-Wine-18-scaled.jpg\" alt=\"\" data-speed=\".5\">\r\n                    <\/div>\r\n                <\/div>\r\n                <div class=\"col-12 col-lg-6\">\r\n                    <div class=\"contentblock__colored-bg__content-alt\">\r\n                        <div class=\"filled-block\">\r\n                                                        <h2>Le th\u00e9 en terrasse<\/h2>\r\n                        <\/div>\r\n                        <div class=\"contentblock__colored-bg__content-text\">\r\n                            <p>Notre High Tea est un festin pour les amateurs de d\u00e9lices sucr\u00e9s et sal\u00e9s. Profitez d&rsquo;une large s\u00e9lection de plats de saison en constante \u00e9volution. Bien entendu, votre tasse restera remplie et nous servons du caf\u00e9 et du th\u00e9 \u00e0 volont\u00e9. Le choix id\u00e9al pour un apr\u00e8s-midi de d\u00e9tente et de convivialit\u00e9.   <\/p>\n<p>&#8211; En-cas sucr\u00e9s<br \/>\n&#8211; En-cas sal\u00e9s<br \/>\n&#8211; Tasse de soupe<br \/>\n&#8211; Caf\u00e9 et th\u00e9 \u00e0 volont\u00e9<\/p>\n                        <\/div>\r\n\r\n                                                                                    <a                                        class=\"link\" onclick=\"_gstpln.openWidget();\">R\u00e9servez votre High Tea<\/a>\r\n                                                                        <\/div>\r\n                <\/div>\r\n            <\/div>\r\n        <\/div>\r\n    <\/div>\r\n\r\n<div class=\"eye-block empty-space empty-space--large pt-md-5 pb-md-5 pt-4 pb-4\" ><\/div>\r\n    <div class=\"eye-block contentblock fade-in-animation\">\r\n        <div class=\"contentblock__colored-bg bg--darkgray\">\r\n            <div class=\"row gx-6\">\r\n                <div class=\"col-12 col-lg-6\">\r\n                    <div class=\"contentblock__colored-bg__image\">\r\n                        <img decoding=\"async\" src=\"https:\/\/staging.kasteeloostvalkenburg.com\/wp-content\/uploads\/2025\/03\/High-Tea-en-High-Wine-44-1-scaled.jpg\" alt=\"\">\r\n                    <\/div>\r\n                <\/div>\r\n                <div class=\"col-12 col-lg-6 d-flex align-items-center\">\r\n                    <div class=\"contentblock__colored-bg__content\">\r\n                                                <h2>Vin \u00e9lev\u00e9<\/h2>\r\n                        <div class=\"contentblock__colored-bg__content-text\">\r\n                            <p>Pour les amateurs de vin, nous avons notre High Wine : une s\u00e9lection raffin\u00e9e de vins combin\u00e9e \u00e0 des bouch\u00e9es culinaires assorties. Les petits plats surprenants changent au fil des saisons pour garantir la meilleure qualit\u00e9 des ingr\u00e9dients. Chaque plat met en valeur le vin qui lui est associ\u00e9. Une fa\u00e7on \u00e9l\u00e9gante et savoureuse de profiter d&rsquo;un apr\u00e8s-midi ou d&rsquo;une soir\u00e9e de d\u00e9tente.   <\/p>\n                        <\/div>\r\n\r\n                                                                                    <a                                        class=\"link\" onclick=\"_gstpln.openWidget();\">R\u00e9servez votre High Wine<\/a>\r\n                                                    \r\n                    <\/div>\r\n                <\/div>\r\n            <\/div>\r\n        <\/div>\r\n    <\/div>\r\n\r\n\r\n<div class=\"eye-block empty-space empty-space--large pt-md-5 pb-md-5 pt-4 pb-4\" ><\/div>\r\n    <div class=\"eye-block contentblock fade-in-animation\">\r\n        <div class=\"contentblock__colored-bg alt\">\r\n            <div class=\"row gx-6\">\r\n                <div class=\"col-12 col-lg-6\">\r\n                    <div class=\"contentblock__colored-bg__image alt\">\r\n                        <img decoding=\"async\" src=\"https:\/\/staging.kasteeloostvalkenburg.com\/wp-content\/uploads\/2025\/04\/Fotos-Kasteel-Oost-17-scaled-e1744617403745.jpg\" alt=\"\" data-speed=\".5\">\r\n                    <\/div>\r\n                <\/div>\r\n                <div class=\"col-12 col-lg-6\">\r\n                    <div class=\"contentblock__colored-bg__content-alt\">\r\n                        <div class=\"filled-block\">\r\n                                                        <h2>Bi\u00e8re haute<\/h2>\r\n                        <\/div>\r\n                        <div class=\"contentblock__colored-bg__content-text\">\r\n                            <p>Les amateurs de bi\u00e8re en ont pour leur argent avec notre High Beer. Laissez-vous surprendre par une s\u00e9lection soigneusement compos\u00e9e de bi\u00e8res sp\u00e9ciales, servies avec des bouch\u00e9es savoureuses assorties. Ce forfait offre un \u00e9quilibre parfait entre le go\u00fbt et l&rsquo;exp\u00e9rience. Id\u00e9al pour ceux qui aiment les bi\u00e8res de caract\u00e8re et la bonne compagnie.   <\/p>\n                        <\/div>\r\n\r\n                                                                                    <a                                        class=\"link\" onclick=\"_gstpln.openWidget();\">R\u00e9servez votre High Beer<\/a>\r\n                                                                        <\/div>\r\n                <\/div>\r\n            <\/div>\r\n        <\/div>\r\n    <\/div>\r\n\r\n<div class=\"eye-block empty-space empty-space--large pt-md-5 pb-md-5 pt-4 pb-4\" ><\/div>\r\n<div class=\"eye-block end-of-page-link\">\r\n    <div class=\"end-of-page-link__intro\">\r\n        <p>D\u00e9couvrir \u00e0<\/p>\r\n        <h2 class=\"no-fancy-letter\">Kasteel Oost<\/h2>\r\n        <a href=\"\/album\" class=\"btn btn-primary\">Galerij<\/a>\r\n    <\/div>\r\n    <div class=\"end-of-page-link__images\">\r\n                    <a href=\"\/fr\/hotel\" class=\"end-of-page-link__images-item\">\r\n                <p> H\u00f4tel<\/p>\r\n                <img decoding=\"async\" src=\"https:\/\/staging.kasteeloostvalkenburg.com\/wp-content\/uploads\/2025\/03\/Suites-Thumbnail-scaled.webp\" alt=\" H\u00f4tel\">\r\n            <\/a>\r\n                    <a href=\"\/fr\/restaurant\" class=\"end-of-page-link__images-item\">\r\n                <p>Restaurant<\/p>\r\n                <img decoding=\"async\" src=\"https:\/\/staging.kasteeloostvalkenburg.com\/wp-content\/uploads\/2025\/03\/Restaurant-Thumbnail-scaled.webp\" alt=\"Restaurant\">\r\n            <\/a>\r\n            <\/div>\r\n<\/div>\r\n","protected":false},"excerpt":{"rendered":"","protected":false},"author":1,"featured_media":0,"parent":1508,"menu_order":0,"comment_status":"closed","ping_status":"closed","template":"","meta":{"_acf_changed":false,"ghostkit_customizer_options":"","ghostkit_custom_css":"","ghostkit_custom_js_head":"","ghostkit_custom_js_foot":"","ghostkit_typography":"","footnotes":""},"class_list":["post-1715","page","type-page","status-publish","hentry"],"acf":[],"yoast_head":"<!-- This site is optimized with the Yoast SEO plugin v26.2 - https:\/\/yoast.com\/wordpress\/plugins\/seo\/ -->\n<title>Forfaits culinaires | Mon R\u00eave Fauquemont<\/title>\n<meta name=\"description\" content=\"Envie d&#039;un apr\u00e8s-midi plein de saveurs et de convivialit\u00e9 ? Vous pouvez d\u00eener de mani\u00e8re \u00e9labor\u00e9e \u00e0 Mon R\u00eave. R\u00e9servez d\u00e8s maintenant votre forfait culinaire sur Kasteel Oost &gt;\" \/>\n<meta name=\"robots\" content=\"noindex, follow, max-snippet:-1, max-image-preview:large, max-video-preview:-1\" \/>\n<meta property=\"og:locale\" content=\"fr_FR\" \/>\n<meta property=\"og:type\" content=\"article\" \/>\n<meta property=\"og:title\" content=\"Forfaits culinaires | Mon R\u00eave Fauquemont\" \/>\n<meta property=\"og:description\" content=\"Envie d&#039;un apr\u00e8s-midi plein de saveurs et de convivialit\u00e9 ? Vous pouvez d\u00eener de mani\u00e8re \u00e9labor\u00e9e \u00e0 Mon R\u00eave. R\u00e9servez d\u00e8s maintenant votre forfait culinaire sur Kasteel Oost &gt;\" \/>\n<meta property=\"og:url\" content=\"https:\/\/staging.kasteeloostvalkenburg.com\/fr\/restaurant\/arrangements\/\" \/>\n<meta property=\"og:site_name\" content=\"Kasteel Oost\" \/>\n<meta property=\"article:publisher\" content=\"https:\/\/www.facebook.com\/Kooningstheweddingpalace\" \/>\n<meta property=\"article:modified_time\" content=\"2025-05-06T08:49:25+00:00\" \/>\n<meta name=\"twitter:card\" content=\"summary_large_image\" \/>\n<script type=\"application\/ld+json\" class=\"yoast-schema-graph\">{\"@context\":\"https:\/\/schema.org\",\"@graph\":[{\"@type\":\"WebPage\",\"@id\":\"https:\/\/staging.kasteeloostvalkenburg.com\/fr\/restaurant\/arrangements\/\",\"url\":\"https:\/\/staging.kasteeloostvalkenburg.com\/fr\/restaurant\/arrangements\/\",\"name\":\"Forfaits culinaires | Mon R\u00eave Fauquemont\",\"isPartOf\":{\"@id\":\"https:\/\/staging.kasteeloostvalkenburg.com\/fr\/#website\"},\"datePublished\":\"2025-03-18T13:26:32+00:00\",\"dateModified\":\"2025-05-06T08:49:25+00:00\",\"description\":\"Envie d'un apr\u00e8s-midi plein de saveurs et de convivialit\u00e9 ? Vous pouvez d\u00eener de mani\u00e8re \u00e9labor\u00e9e \u00e0 Mon R\u00eave. R\u00e9servez d\u00e8s maintenant votre forfait culinaire sur Kasteel Oost >\",\"breadcrumb\":{\"@id\":\"https:\/\/staging.kasteeloostvalkenburg.com\/fr\/restaurant\/arrangements\/#breadcrumb\"},\"inLanguage\":\"fr-FR\",\"potentialAction\":[{\"@type\":\"ReadAction\",\"target\":[\"https:\/\/staging.kasteeloostvalkenburg.com\/fr\/restaurant\/arrangements\/\"]}]},{\"@type\":\"BreadcrumbList\",\"@id\":\"https:\/\/staging.kasteeloostvalkenburg.com\/fr\/restaurant\/arrangements\/#breadcrumb\",\"itemListElement\":[{\"@type\":\"ListItem\",\"position\":1,\"name\":\"Accueil\",\"item\":\"https:\/\/staging.kasteeloostvalkenburg.com\/fr\/\"},{\"@type\":\"ListItem\",\"position\":2,\"name\":\"Restaurant\",\"item\":\"https:\/\/staging.kasteeloostvalkenburg.com\/fr\/restaurant\/\"},{\"@type\":\"ListItem\",\"position\":3,\"name\":\"Arrangements\"}]},{\"@type\":\"WebSite\",\"@id\":\"https:\/\/staging.kasteeloostvalkenburg.com\/fr\/#website\",\"url\":\"https:\/\/staging.kasteeloostvalkenburg.com\/fr\/\",\"name\":\"Kasteel Oost\",\"description\":\"\",\"publisher\":{\"@id\":\"https:\/\/staging.kasteeloostvalkenburg.com\/fr\/#organization\"},\"potentialAction\":[{\"@type\":\"SearchAction\",\"target\":{\"@type\":\"EntryPoint\",\"urlTemplate\":\"https:\/\/staging.kasteeloostvalkenburg.com\/fr\/?s={search_term_string}\"},\"query-input\":{\"@type\":\"PropertyValueSpecification\",\"valueRequired\":true,\"valueName\":\"search_term_string\"}}],\"inLanguage\":\"fr-FR\"},{\"@type\":\"Organization\",\"@id\":\"https:\/\/staging.kasteeloostvalkenburg.com\/fr\/#organization\",\"name\":\"Kasteel Oost\",\"url\":\"https:\/\/staging.kasteeloostvalkenburg.com\/fr\/\",\"logo\":{\"@type\":\"ImageObject\",\"inLanguage\":\"fr-FR\",\"@id\":\"https:\/\/staging.kasteeloostvalkenburg.com\/fr\/#\/schema\/logo\/image\/\",\"url\":\"https:\/\/staging.kasteeloostvalkenburg.com\/wp-content\/uploads\/2025\/04\/KasteelOost-logo-darkgray.png\",\"contentUrl\":\"https:\/\/staging.kasteeloostvalkenburg.com\/wp-content\/uploads\/2025\/04\/KasteelOost-logo-darkgray.png\",\"width\":413,\"height\":318,\"caption\":\"Kasteel Oost\"},\"image\":{\"@id\":\"https:\/\/staging.kasteeloostvalkenburg.com\/fr\/#\/schema\/logo\/image\/\"},\"sameAs\":[\"https:\/\/www.facebook.com\/Kooningstheweddingpalace\",\"https:\/\/www.instagram.com\/kasteeloost\/\",\"https:\/\/www.tiktok.com\/@kooningstheweddingpalace\",\"https:\/\/nl.pinterest.com\/koonings\/\"]}]}<\/script>\n<!-- \/ Yoast SEO plugin. -->","yoast_head_json":{"title":"Forfaits culinaires | Mon R\u00eave Fauquemont","description":"Envie d'un apr\u00e8s-midi plein de saveurs et de convivialit\u00e9 ? Vous pouvez d\u00eener de mani\u00e8re \u00e9labor\u00e9e \u00e0 Mon R\u00eave. R\u00e9servez d\u00e8s maintenant votre forfait culinaire sur Kasteel Oost >","robots":{"index":"noindex","follow":"follow","max-snippet":"max-snippet:-1","max-image-preview":"max-image-preview:large","max-video-preview":"max-video-preview:-1"},"og_locale":"fr_FR","og_type":"article","og_title":"Forfaits culinaires | Mon R\u00eave Fauquemont","og_description":"Envie d'un apr\u00e8s-midi plein de saveurs et de convivialit\u00e9 ? Vous pouvez d\u00eener de mani\u00e8re \u00e9labor\u00e9e \u00e0 Mon R\u00eave. R\u00e9servez d\u00e8s maintenant votre forfait culinaire sur Kasteel Oost >","og_url":"https:\/\/staging.kasteeloostvalkenburg.com\/fr\/restaurant\/arrangements\/","og_site_name":"Kasteel Oost","article_publisher":"https:\/\/www.facebook.com\/Kooningstheweddingpalace","article_modified_time":"2025-05-06T08:49:25+00:00","twitter_card":"summary_large_image","schema":{"@context":"https:\/\/schema.org","@graph":[{"@type":"WebPage","@id":"https:\/\/staging.kasteeloostvalkenburg.com\/fr\/restaurant\/arrangements\/","url":"https:\/\/staging.kasteeloostvalkenburg.com\/fr\/restaurant\/arrangements\/","name":"Forfaits culinaires | Mon R\u00eave Fauquemont","isPartOf":{"@id":"https:\/\/staging.kasteeloostvalkenburg.com\/fr\/#website"},"datePublished":"2025-03-18T13:26:32+00:00","dateModified":"2025-05-06T08:49:25+00:00","description":"Envie d'un apr\u00e8s-midi plein de saveurs et de convivialit\u00e9 ? Vous pouvez d\u00eener de mani\u00e8re \u00e9labor\u00e9e \u00e0 Mon R\u00eave. R\u00e9servez d\u00e8s maintenant votre forfait culinaire sur Kasteel Oost >","breadcrumb":{"@id":"https:\/\/staging.kasteeloostvalkenburg.com\/fr\/restaurant\/arrangements\/#breadcrumb"},"inLanguage":"fr-FR","potentialAction":[{"@type":"ReadAction","target":["https:\/\/staging.kasteeloostvalkenburg.com\/fr\/restaurant\/arrangements\/"]}]},{"@type":"BreadcrumbList","@id":"https:\/\/staging.kasteeloostvalkenburg.com\/fr\/restaurant\/arrangements\/#breadcrumb","itemListElement":[{"@type":"ListItem","position":1,"name":"Accueil","item":"https:\/\/staging.kasteeloostvalkenburg.com\/fr\/"},{"@type":"ListItem","position":2,"name":"Restaurant","item":"https:\/\/staging.kasteeloostvalkenburg.com\/fr\/restaurant\/"},{"@type":"ListItem","position":3,"name":"Arrangements"}]},{"@type":"WebSite","@id":"https:\/\/staging.kasteeloostvalkenburg.com\/fr\/#website","url":"https:\/\/staging.kasteeloostvalkenburg.com\/fr\/","name":"Kasteel Oost","description":"","publisher":{"@id":"https:\/\/staging.kasteeloostvalkenburg.com\/fr\/#organization"},"potentialAction":[{"@type":"SearchAction","target":{"@type":"EntryPoint","urlTemplate":"https:\/\/staging.kasteeloostvalkenburg.com\/fr\/?s={search_term_string}"},"query-input":{"@type":"PropertyValueSpecification","valueRequired":true,"valueName":"search_term_string"}}],"inLanguage":"fr-FR"},{"@type":"Organization","@id":"https:\/\/staging.kasteeloostvalkenburg.com\/fr\/#organization","name":"Kasteel Oost","url":"https:\/\/staging.kasteeloostvalkenburg.com\/fr\/","logo":{"@type":"ImageObject","inLanguage":"fr-FR","@id":"https:\/\/staging.kasteeloostvalkenburg.com\/fr\/#\/schema\/logo\/image\/","url":"https:\/\/staging.kasteeloostvalkenburg.com\/wp-content\/uploads\/2025\/04\/KasteelOost-logo-darkgray.png","contentUrl":"https:\/\/staging.kasteeloostvalkenburg.com\/wp-content\/uploads\/2025\/04\/KasteelOost-logo-darkgray.png","width":413,"height":318,"caption":"Kasteel Oost"},"image":{"@id":"https:\/\/staging.kasteeloostvalkenburg.com\/fr\/#\/schema\/logo\/image\/"},"sameAs":["https:\/\/www.facebook.com\/Kooningstheweddingpalace","https:\/\/www.instagram.com\/kasteeloost\/","https:\/\/www.tiktok.com\/@kooningstheweddingpalace","https:\/\/nl.pinterest.com\/koonings\/"]}]}},"_links":{"self":[{"href":"https:\/\/staging.kasteeloostvalkenburg.com\/fr\/wp-json\/wp\/v2\/pages\/1715","targetHints":{"allow":["GET"]}}],"collection":[{"href":"https:\/\/staging.kasteeloostvalkenburg.com\/fr\/wp-json\/wp\/v2\/pages"}],"about":[{"href":"https:\/\/staging.kasteeloostvalkenburg.com\/fr\/wp-json\/wp\/v2\/types\/page"}],"author":[{"embeddable":true,"href":"https:\/\/staging.kasteeloostvalkenburg.com\/fr\/wp-json\/wp\/v2\/users\/1"}],"replies":[{"embeddable":true,"href":"https:\/\/staging.kasteeloostvalkenburg.com\/fr\/wp-json\/wp\/v2\/comments?post=1715"}],"version-history":[{"count":4,"href":"https:\/\/staging.kasteeloostvalkenburg.com\/fr\/wp-json\/wp\/v2\/pages\/1715\/revisions"}],"predecessor-version":[{"id":3057,"href":"https:\/\/staging.kasteeloostvalkenburg.com\/fr\/wp-json\/wp\/v2\/pages\/1715\/revisions\/3057"}],"up":[{"embeddable":true,"href":"https:\/\/staging.kasteeloostvalkenburg.com\/fr\/wp-json\/wp\/v2\/pages\/1508"}],"wp:attachment":[{"href":"https:\/\/staging.kasteeloostvalkenburg.com\/fr\/wp-json\/wp\/v2\/media?parent=1715"}],"curies":[{"name":"wp","href":"https:\/\/api.w.org\/{rel}","templated":true}]}}