{"id":1510,"date":"2025-03-18T13:23:34","date_gmt":"2025-03-18T13:23:34","guid":{"rendered":"https:\/\/kasteeloostvalkenburg.com\/autre\/travailler-a\/"},"modified":"2025-05-06T08:54:29","modified_gmt":"2025-05-06T08:54:29","slug":"travailler-a","status":"publish","type":"page","link":"https:\/\/staging.kasteeloostvalkenburg.com\/fr\/autre\/travailler-a\/","title":{"rendered":"Travailler \u00e0"},"content":{"rendered":"\r\n    <section class=\"hero image-right\">\r\n        <div class=\"row d-flex align-items-center\">\r\n            <div class=\"col-12 col-lg-7\">\r\n                <div class=\"hero__intro\">\r\n                                            <div class=\"eye-block breadcrumbs-wrapper\">\r\n                            \r\n            <ul class=\"site-breadcrumbs\">\r\n                <li class=\"crumb\">\r\n                    <a class=\"disable-line\" href=\"https:\/\/staging.kasteeloostvalkenburg.com\">\r\n                        <i class=\"fa-regular fa-home\"><\/i>\r\n                    <\/a>\r\n                <\/li>\r\n                                    <div class=\"divider\"><\/div>\r\n                    <li class=\"crumb first\">\r\n                        <a class=\"disable-line\" href=\"https:\/\/staging.kasteeloostvalkenburg.com\/fr\/autre\/\">Autre<\/a>\r\n                    <\/li>\r\n                                        <div class=\"divider\"><\/div>\r\n                    <li class=\"crumb \">\r\n                        <a class=\"disable-line\" href=\"https:\/\/staging.kasteeloostvalkenburg.com\/fr\/autre\/travailler-a\/\">Travailler \u00e0<\/a>\r\n                    <\/li>\r\n                                <\/ul>\r\n        \r\n                                        <\/div>\r\n                                        <p class=\"hero__intro-subtitle\">Travailler \u00e0<\/p>\r\n                    <h1>Travailler \u00e0 Kasteel Oost<\/h1>\r\n                    <div class=\"hero__intro-content\">\r\n                        <p><p>\u00c0 l&rsquo;adresse Kasteel Oost, tout est question d&rsquo;hospitalit\u00e9, d&rsquo;exp\u00e9rience et de qualit\u00e9. Que vous soyez en cuisine, que vous receviez des invit\u00e9s ou que vous organisiez des \u00e9v\u00e9nements, vous contribuez \u00e0 faire vivre une exp\u00e9rience unique \u00e0 nos visiteurs. Nous sommes toujours \u00e0 la recherche de coll\u00e8gues enthousiastes qui souhaitent travailler avec passion et plaisir dans un lieu exceptionnel. Que ce soit \u00e0 temps plein, \u00e0 temps partiel ou en tant qu&#8217;emploi \u00e0 temps partiel, il y a toujours une place pour les talents.   <\/p>\n<\/p>\r\n\r\n                        \r\n                    <\/div>\r\n                <\/div>\r\n            <\/div>\r\n            <div class=\"col-12 col-lg-5\">\r\n                                    <div class=\"hero__image\">\r\n                        <img decoding=\"async\" src=\"https:\/\/staging.kasteeloostvalkenburg.com\/wp-content\/uploads\/2025\/03\/High-Tea-en-High-Wine-31-scaled.jpg\" alt=\"\">\r\n                    <\/div>\r\n                            <\/div>\r\n        <\/div>\r\n    <\/section>\r\n\r\n\r\n<div class=\"eye-block empty-space empty-space--large pt-md-5 pb-md-5 pt-4 pb-4\" ><\/div>\n<div class=\"ghostkit-grid ghostkit-grid-gap-md ghostkit-grid-justify-content-center\"><div class=\"ghostkit-grid-inner\">\n<div class=\"ghostkit-col ghostkit-col-lg-12 ghostkit-col-8\"><div class=\"ghostkit-col-content is-layout-flow wp-block-grid-column-is-layout-flow\">\n<h2 class=\"wp-block-heading has-text-align-center\" id=\"vacatures\">Postes vacants<\/h2>\n<\/div><\/div>\n<\/div><\/div>\n\r\n<div class=\"eye-block empty-space empty-space--petit \" ><\/div>\r\n    <div class=\"eye-block vacancies-grid\">\r\n        <div class=\"row\">\r\n                            <div class=\"col-12 col-md-6 mb-4\">\r\n                    <a href=\"https:\/\/staging.kasteeloostvalkenburg.com\/fr\/overig\/werken-bij\/aide-pour-le-lave-vaisselle\/\" class=\"vacancies-grid__item\">\r\n                        <div class=\"vacancies-grid__item-content\">\r\n                            <h5>Aide pour le lave-vaisselle<\/h5>\r\n                                                            <p>Horeca<\/p>\r\n                                                    <\/div>\r\n                        <img decoding=\"async\" class=\"vacancies-grid__item-arrow\"\r\n                             src=\"https:\/\/staging.kasteeloostvalkenburg.com\/wp-content\/themes\/kasteeloost\/images\/fancy-arrow.svg\"\r\n                             alt=\"Arrow right\">\r\n                    <\/a>\r\n                <\/div>\r\n                            <div class=\"col-12 col-md-6 mb-4\">\r\n                    <a href=\"https:\/\/staging.kasteeloostvalkenburg.com\/fr\/overig\/werken-bij\/barman-femme\/\" class=\"vacancies-grid__item\">\r\n                        <div class=\"vacancies-grid__item-content\">\r\n                            <h5>Barman\/femme<\/h5>\r\n                                                            <p>Horeca<\/p>\r\n                                                    <\/div>\r\n                        <img decoding=\"async\" class=\"vacancies-grid__item-arrow\"\r\n                             src=\"https:\/\/staging.kasteeloostvalkenburg.com\/wp-content\/themes\/kasteeloost\/images\/fancy-arrow.svg\"\r\n                             alt=\"Arrow right\">\r\n                    <\/a>\r\n                <\/div>\r\n                            <div class=\"col-12 col-md-6 mb-4\">\r\n                    <a href=\"https:\/\/staging.kasteeloostvalkenburg.com\/fr\/overig\/werken-bij\/nettoyant-interieur\/\" class=\"vacancies-grid__item\">\r\n                        <div class=\"vacancies-grid__item-content\">\r\n                            <h5>Nettoyant int\u00e9rieur<\/h5>\r\n                                                            <p>Shop<\/p>\r\n                                                    <\/div>\r\n                        <img decoding=\"async\" class=\"vacancies-grid__item-arrow\"\r\n                             src=\"https:\/\/staging.kasteeloostvalkenburg.com\/wp-content\/themes\/kasteeloost\/images\/fancy-arrow.svg\"\r\n                             alt=\"Arrow right\">\r\n                    <\/a>\r\n                <\/div>\r\n                            <div class=\"col-12 col-md-6 mb-4\">\r\n                    <a href=\"https:\/\/staging.kasteeloostvalkenburg.com\/fr\/overig\/werken-bij\/aide-a-la-cuisine\/\" class=\"vacancies-grid__item\">\r\n                        <div class=\"vacancies-grid__item-content\">\r\n                            <h5>Aide \u00e0 la cuisine<\/h5>\r\n                                                            <p>Horeca<\/p>\r\n                                                    <\/div>\r\n                        <img decoding=\"async\" class=\"vacancies-grid__item-arrow\"\r\n                             src=\"https:\/\/staging.kasteeloostvalkenburg.com\/wp-content\/themes\/kasteeloost\/images\/fancy-arrow.svg\"\r\n                             alt=\"Arrow right\">\r\n                    <\/a>\r\n                <\/div>\r\n                            <div class=\"col-12 col-md-6 mb-4\">\r\n                    <a href=\"https:\/\/staging.kasteeloostvalkenburg.com\/fr\/overig\/werken-bij\/cuisinier-independant\/\" class=\"vacancies-grid__item\">\r\n                        <div class=\"vacancies-grid__item-content\">\r\n                            <h5>Cuisinier ind\u00e9pendant<\/h5>\r\n                                                            <p>Horeca<\/p>\r\n                                                    <\/div>\r\n                        <img decoding=\"async\" class=\"vacancies-grid__item-arrow\"\r\n                             src=\"https:\/\/staging.kasteeloostvalkenburg.com\/wp-content\/themes\/kasteeloost\/images\/fancy-arrow.svg\"\r\n                             alt=\"Arrow right\">\r\n                    <\/a>\r\n                <\/div>\r\n                            <div class=\"col-12 col-md-6 mb-4\">\r\n                    <a href=\"https:\/\/staging.kasteeloostvalkenburg.com\/fr\/overig\/werken-bij\/fonctionnement\/\" class=\"vacancies-grid__item\">\r\n                        <div class=\"vacancies-grid__item-content\">\r\n                            <h5>Fonctionnement<\/h5>\r\n                                                            <p>Horeca<\/p>\r\n                                                    <\/div>\r\n                        <img decoding=\"async\" class=\"vacancies-grid__item-arrow\"\r\n                             src=\"https:\/\/staging.kasteeloostvalkenburg.com\/wp-content\/themes\/kasteeloost\/images\/fancy-arrow.svg\"\r\n                             alt=\"Arrow right\">\r\n                    <\/a>\r\n                <\/div>\r\n                            <div class=\"col-12 col-md-6 mb-4\">\r\n                    <a href=\"https:\/\/staging.kasteeloostvalkenburg.com\/fr\/overig\/werken-bij\/coupeuse-manipulatrice\/\" class=\"vacancies-grid__item\">\r\n                        <div class=\"vacancies-grid__item-content\">\r\n                            <h5>Coupeuse\/manipulatrice<\/h5>\r\n                                                            <p>Atelier<\/p>\r\n                                                    <\/div>\r\n                        <img decoding=\"async\" class=\"vacancies-grid__item-arrow\"\r\n                             src=\"https:\/\/staging.kasteeloostvalkenburg.com\/wp-content\/themes\/kasteeloost\/images\/fancy-arrow.svg\"\r\n                             alt=\"Arrow right\">\r\n                    <\/a>\r\n                <\/div>\r\n                            <div class=\"col-12 col-md-6 mb-4\">\r\n                    <a href=\"https:\/\/staging.kasteeloostvalkenburg.com\/fr\/overig\/werken-bij\/hotesse-styliste\/\" class=\"vacancies-grid__item\">\r\n                        <div class=\"vacancies-grid__item-content\">\r\n                            <h5>H\u00f4tesse\/styliste<\/h5>\r\n                                                            <p>Shop<\/p>\r\n                                                    <\/div>\r\n                        <img decoding=\"async\" class=\"vacancies-grid__item-arrow\"\r\n                             src=\"https:\/\/staging.kasteeloostvalkenburg.com\/wp-content\/themes\/kasteeloost\/images\/fancy-arrow.svg\"\r\n                             alt=\"Arrow right\">\r\n                    <\/a>\r\n                <\/div>\r\n                            <div class=\"col-12 col-md-6 mb-4\">\r\n                    <a href=\"https:\/\/staging.kasteeloostvalkenburg.com\/fr\/overig\/werken-bij\/assistante-menagere\/\" class=\"vacancies-grid__item\">\r\n                        <div class=\"vacancies-grid__item-content\">\r\n                            <h5>Assistant(e) m\u00e9nager(e)<\/h5>\r\n                                                            <p>Horeca<\/p>\r\n                                                    <\/div>\r\n                        <img decoding=\"async\" class=\"vacancies-grid__item-arrow\"\r\n                             src=\"https:\/\/staging.kasteeloostvalkenburg.com\/wp-content\/themes\/kasteeloost\/images\/fancy-arrow.svg\"\r\n                             alt=\"Arrow right\">\r\n                    <\/a>\r\n                <\/div>\r\n                            <div class=\"col-12 col-md-6 mb-4\">\r\n                    <a href=\"https:\/\/staging.kasteeloostvalkenburg.com\/fr\/overig\/werken-bij\/hotesse-styliste-2\/\" class=\"vacancies-grid__item\">\r\n                        <div class=\"vacancies-grid__item-content\">\r\n                            <h5>Repr\u00e9sentant des ventes<\/h5>\r\n                                                            <p>Shop<\/p>\r\n                                                    <\/div>\r\n                        <img decoding=\"async\" class=\"vacancies-grid__item-arrow\"\r\n                             src=\"https:\/\/staging.kasteeloostvalkenburg.com\/wp-content\/themes\/kasteeloost\/images\/fancy-arrow.svg\"\r\n                             alt=\"Arrow right\">\r\n                    <\/a>\r\n                <\/div>\r\n                            <div class=\"col-12 col-md-6 mb-4\">\r\n                    <a href=\"https:\/\/staging.kasteeloostvalkenburg.com\/fr\/overig\/werken-bij\/hotesse-styliste-3\/\" class=\"vacancies-grid__item\">\r\n                        <div class=\"vacancies-grid__item-content\">\r\n                            <h5>Assistant(e) commercial(e) week-end<\/h5>\r\n                                                            <p>Shop<\/p>\r\n                                                    <\/div>\r\n                        <img decoding=\"async\" class=\"vacancies-grid__item-arrow\"\r\n                             src=\"https:\/\/staging.kasteeloostvalkenburg.com\/wp-content\/themes\/kasteeloost\/images\/fancy-arrow.svg\"\r\n                             alt=\"Arrow right\">\r\n                    <\/a>\r\n                <\/div>\r\n                            <div class=\"col-12 col-md-6 mb-4\">\r\n                    <a href=\"https:\/\/staging.kasteeloostvalkenburg.com\/fr\/overig\/werken-bij\/hotesse-styliste-4\/\" class=\"vacancies-grid__item\">\r\n                        <div class=\"vacancies-grid__item-content\">\r\n                            <h5>Responsable des op\u00e9rations<\/h5>\r\n                                                            <p>Horeca<\/p>\r\n                                                    <\/div>\r\n                        <img decoding=\"async\" class=\"vacancies-grid__item-arrow\"\r\n                             src=\"https:\/\/staging.kasteeloostvalkenburg.com\/wp-content\/themes\/kasteeloost\/images\/fancy-arrow.svg\"\r\n                             alt=\"Arrow right\">\r\n                    <\/a>\r\n                <\/div>\r\n                            <div class=\"col-12 col-md-6 mb-4\">\r\n                    <a href=\"https:\/\/staging.kasteeloostvalkenburg.com\/fr\/overig\/werken-bij\/cuisinier-independant-2\/\" class=\"vacancies-grid__item\">\r\n                        <div class=\"vacancies-grid__item-content\">\r\n                            <h5>Chef de Partie<\/h5>\r\n                                                            <p>Horeca<\/p>\r\n                                                    <\/div>\r\n                        <img decoding=\"async\" class=\"vacancies-grid__item-arrow\"\r\n                             src=\"https:\/\/staging.kasteeloostvalkenburg.com\/wp-content\/themes\/kasteeloost\/images\/fancy-arrow.svg\"\r\n                             alt=\"Arrow right\">\r\n                    <\/a>\r\n                <\/div>\r\n                            <div class=\"col-12 col-md-6 mb-4\">\r\n                    <a href=\"https:\/\/staging.kasteeloostvalkenburg.com\/fr\/overig\/werken-bij\/poste-combine-dassistant-de-petit-dejeuner-et-de-receptionniste\/\" class=\"vacancies-grid__item\">\r\n                        <div class=\"vacancies-grid__item-content\">\r\n                            <h5>Poste combin\u00e9 d&rsquo;assistant de petit-d\u00e9jeuner et de r\u00e9ceptionniste<\/h5>\r\n                                                            <p>Horeca<\/p>\r\n                                                    <\/div>\r\n                        <img decoding=\"async\" class=\"vacancies-grid__item-arrow\"\r\n                             src=\"https:\/\/staging.kasteeloostvalkenburg.com\/wp-content\/themes\/kasteeloost\/images\/fancy-arrow.svg\"\r\n                             alt=\"Arrow right\">\r\n                    <\/a>\r\n                <\/div>\r\n                    <\/div>\r\n    <\/div>\r\n\r\n<div class=\"eye-block empty-space empty-space--large pt-md-5 pb-md-5 pt-4 pb-4\" ><\/div>\n<div class=\"ghostkit-grid ghostkit-grid-gap-md ghostkit-grid-justify-content-center\"><div class=\"ghostkit-grid-inner\">\n<div class=\"ghostkit-col ghostkit-col-lg-12 ghostkit-col-8\"><div class=\"ghostkit-col-content is-layout-flow wp-block-grid-column-is-layout-flow\">\n<h3 class=\"wp-block-heading has-text-align-center no-fancy-letter\" id=\"vacatures\">Ouvrir une candidature<\/h3>\n\n\n\n<p class=\"has-text-align-center\">Vous ne trouvez pas de poste vacant qui vous convienne, mais vous \u00eates convaincu que vous seriez un atout pour notre \u00e9quipe ? Nous serions ravis de faire votre connaissance ! Envoyez votre candidature accompagn\u00e9e de votre CV et de votre motivation \u00e0 <a href=\"mailto:vacature@koonings.com\">vacature@koonings.com, et<\/a> qui sait, vous ferez peut-\u00eatre bient\u00f4t partie de Kasteel Oost.  <\/p>\n<\/div><\/div>\n<\/div><\/div>\n","protected":false},"excerpt":{"rendered":"","protected":false},"author":1,"featured_media":0,"parent":1480,"menu_order":0,"comment_status":"closed","ping_status":"closed","template":"","meta":{"_acf_changed":false,"ghostkit_customizer_options":"","ghostkit_custom_css":"","ghostkit_custom_js_head":"","ghostkit_custom_js_foot":"","ghostkit_typography":"","footnotes":""},"class_list":["post-1510","page","type-page","status-publish","hentry"],"acf":[],"yoast_head":"<!-- This site is optimized with the Yoast SEO plugin v26.2 - https:\/\/yoast.com\/wordpress\/plugins\/seo\/ -->\n<title>Travailler \u00e0 Kasteel Oost | Fauquemont<\/title>\n<meta name=\"description\" content=\"Sur Kasteel Oost, nous sommes toujours \u00e0 la recherche de coll\u00e8gues enthousiastes. Qu&#039;il s&#039;agisse d&#039;un emploi \u00e0 temps plein, d&#039;un emploi \u00e0 temps partiel ou d&#039;un emploi \u00e0 temps partiel, il y a toujours une place pour les talents. Consultez les offres d&#039;emploi &gt;\" \/>\n<meta name=\"robots\" content=\"noindex, follow, max-snippet:-1, max-image-preview:large, max-video-preview:-1\" \/>\n<meta property=\"og:locale\" content=\"fr_FR\" \/>\n<meta property=\"og:type\" content=\"article\" \/>\n<meta property=\"og:title\" content=\"Travailler \u00e0 Kasteel Oost | Fauquemont\" \/>\n<meta property=\"og:description\" content=\"Sur Kasteel Oost, nous sommes toujours \u00e0 la recherche de coll\u00e8gues enthousiastes. Qu&#039;il s&#039;agisse d&#039;un emploi \u00e0 temps plein, d&#039;un emploi \u00e0 temps partiel ou d&#039;un emploi \u00e0 temps partiel, il y a toujours une place pour les talents. Consultez les offres d&#039;emploi &gt;\" \/>\n<meta property=\"og:url\" content=\"https:\/\/staging.kasteeloostvalkenburg.com\/fr\/autre\/travailler-a\/\" \/>\n<meta property=\"og:site_name\" content=\"Kasteel Oost\" \/>\n<meta property=\"article:publisher\" content=\"https:\/\/www.facebook.com\/Kooningstheweddingpalace\" \/>\n<meta property=\"article:modified_time\" content=\"2025-05-06T08:54:29+00:00\" \/>\n<meta name=\"twitter:card\" content=\"summary_large_image\" \/>\n<script type=\"application\/ld+json\" class=\"yoast-schema-graph\">{\"@context\":\"https:\/\/schema.org\",\"@graph\":[{\"@type\":\"WebPage\",\"@id\":\"https:\/\/staging.kasteeloostvalkenburg.com\/fr\/autre\/travailler-a\/\",\"url\":\"https:\/\/staging.kasteeloostvalkenburg.com\/fr\/autre\/travailler-a\/\",\"name\":\"Travailler \u00e0 Kasteel Oost | Fauquemont\",\"isPartOf\":{\"@id\":\"https:\/\/staging.kasteeloostvalkenburg.com\/fr\/#website\"},\"datePublished\":\"2025-03-18T13:23:34+00:00\",\"dateModified\":\"2025-05-06T08:54:29+00:00\",\"description\":\"Sur Kasteel Oost, nous sommes toujours \u00e0 la recherche de coll\u00e8gues enthousiastes. Qu'il s'agisse d'un emploi \u00e0 temps plein, d'un emploi \u00e0 temps partiel ou d'un emploi \u00e0 temps partiel, il y a toujours une place pour les talents. Consultez les offres d'emploi >\",\"breadcrumb\":{\"@id\":\"https:\/\/staging.kasteeloostvalkenburg.com\/fr\/autre\/travailler-a\/#breadcrumb\"},\"inLanguage\":\"fr-FR\",\"potentialAction\":[{\"@type\":\"ReadAction\",\"target\":[\"https:\/\/staging.kasteeloostvalkenburg.com\/fr\/autre\/travailler-a\/\"]}]},{\"@type\":\"BreadcrumbList\",\"@id\":\"https:\/\/staging.kasteeloostvalkenburg.com\/fr\/autre\/travailler-a\/#breadcrumb\",\"itemListElement\":[{\"@type\":\"ListItem\",\"position\":1,\"name\":\"Accueil\",\"item\":\"https:\/\/staging.kasteeloostvalkenburg.com\/fr\/\"},{\"@type\":\"ListItem\",\"position\":2,\"name\":\"Autre\",\"item\":\"https:\/\/staging.kasteeloostvalkenburg.com\/fr\/autre\/\"},{\"@type\":\"ListItem\",\"position\":3,\"name\":\"Travailler \u00e0\"}]},{\"@type\":\"WebSite\",\"@id\":\"https:\/\/staging.kasteeloostvalkenburg.com\/fr\/#website\",\"url\":\"https:\/\/staging.kasteeloostvalkenburg.com\/fr\/\",\"name\":\"Kasteel Oost\",\"description\":\"\",\"publisher\":{\"@id\":\"https:\/\/staging.kasteeloostvalkenburg.com\/fr\/#organization\"},\"potentialAction\":[{\"@type\":\"SearchAction\",\"target\":{\"@type\":\"EntryPoint\",\"urlTemplate\":\"https:\/\/staging.kasteeloostvalkenburg.com\/fr\/?s={search_term_string}\"},\"query-input\":{\"@type\":\"PropertyValueSpecification\",\"valueRequired\":true,\"valueName\":\"search_term_string\"}}],\"inLanguage\":\"fr-FR\"},{\"@type\":\"Organization\",\"@id\":\"https:\/\/staging.kasteeloostvalkenburg.com\/fr\/#organization\",\"name\":\"Kasteel Oost\",\"url\":\"https:\/\/staging.kasteeloostvalkenburg.com\/fr\/\",\"logo\":{\"@type\":\"ImageObject\",\"inLanguage\":\"fr-FR\",\"@id\":\"https:\/\/staging.kasteeloostvalkenburg.com\/fr\/#\/schema\/logo\/image\/\",\"url\":\"https:\/\/staging.kasteeloostvalkenburg.com\/wp-content\/uploads\/2025\/04\/KasteelOost-logo-darkgray.png\",\"contentUrl\":\"https:\/\/staging.kasteeloostvalkenburg.com\/wp-content\/uploads\/2025\/04\/KasteelOost-logo-darkgray.png\",\"width\":413,\"height\":318,\"caption\":\"Kasteel Oost\"},\"image\":{\"@id\":\"https:\/\/staging.kasteeloostvalkenburg.com\/fr\/#\/schema\/logo\/image\/\"},\"sameAs\":[\"https:\/\/www.facebook.com\/Kooningstheweddingpalace\",\"https:\/\/www.instagram.com\/kasteeloost\/\",\"https:\/\/www.tiktok.com\/@kooningstheweddingpalace\",\"https:\/\/nl.pinterest.com\/koonings\/\"]}]}<\/script>\n<!-- \/ Yoast SEO plugin. -->","yoast_head_json":{"title":"Travailler \u00e0 Kasteel Oost | Fauquemont","description":"Sur Kasteel Oost, nous sommes toujours \u00e0 la recherche de coll\u00e8gues enthousiastes. Qu'il s'agisse d'un emploi \u00e0 temps plein, d'un emploi \u00e0 temps partiel ou d'un emploi \u00e0 temps partiel, il y a toujours une place pour les talents. Consultez les offres d'emploi >","robots":{"index":"noindex","follow":"follow","max-snippet":"max-snippet:-1","max-image-preview":"max-image-preview:large","max-video-preview":"max-video-preview:-1"},"og_locale":"fr_FR","og_type":"article","og_title":"Travailler \u00e0 Kasteel Oost | Fauquemont","og_description":"Sur Kasteel Oost, nous sommes toujours \u00e0 la recherche de coll\u00e8gues enthousiastes. Qu'il s'agisse d'un emploi \u00e0 temps plein, d'un emploi \u00e0 temps partiel ou d'un emploi \u00e0 temps partiel, il y a toujours une place pour les talents. Consultez les offres d'emploi >","og_url":"https:\/\/staging.kasteeloostvalkenburg.com\/fr\/autre\/travailler-a\/","og_site_name":"Kasteel Oost","article_publisher":"https:\/\/www.facebook.com\/Kooningstheweddingpalace","article_modified_time":"2025-05-06T08:54:29+00:00","twitter_card":"summary_large_image","schema":{"@context":"https:\/\/schema.org","@graph":[{"@type":"WebPage","@id":"https:\/\/staging.kasteeloostvalkenburg.com\/fr\/autre\/travailler-a\/","url":"https:\/\/staging.kasteeloostvalkenburg.com\/fr\/autre\/travailler-a\/","name":"Travailler \u00e0 Kasteel Oost | Fauquemont","isPartOf":{"@id":"https:\/\/staging.kasteeloostvalkenburg.com\/fr\/#website"},"datePublished":"2025-03-18T13:23:34+00:00","dateModified":"2025-05-06T08:54:29+00:00","description":"Sur Kasteel Oost, nous sommes toujours \u00e0 la recherche de coll\u00e8gues enthousiastes. Qu'il s'agisse d'un emploi \u00e0 temps plein, d'un emploi \u00e0 temps partiel ou d'un emploi \u00e0 temps partiel, il y a toujours une place pour les talents. Consultez les offres d'emploi >","breadcrumb":{"@id":"https:\/\/staging.kasteeloostvalkenburg.com\/fr\/autre\/travailler-a\/#breadcrumb"},"inLanguage":"fr-FR","potentialAction":[{"@type":"ReadAction","target":["https:\/\/staging.kasteeloostvalkenburg.com\/fr\/autre\/travailler-a\/"]}]},{"@type":"BreadcrumbList","@id":"https:\/\/staging.kasteeloostvalkenburg.com\/fr\/autre\/travailler-a\/#breadcrumb","itemListElement":[{"@type":"ListItem","position":1,"name":"Accueil","item":"https:\/\/staging.kasteeloostvalkenburg.com\/fr\/"},{"@type":"ListItem","position":2,"name":"Autre","item":"https:\/\/staging.kasteeloostvalkenburg.com\/fr\/autre\/"},{"@type":"ListItem","position":3,"name":"Travailler \u00e0"}]},{"@type":"WebSite","@id":"https:\/\/staging.kasteeloostvalkenburg.com\/fr\/#website","url":"https:\/\/staging.kasteeloostvalkenburg.com\/fr\/","name":"Kasteel Oost","description":"","publisher":{"@id":"https:\/\/staging.kasteeloostvalkenburg.com\/fr\/#organization"},"potentialAction":[{"@type":"SearchAction","target":{"@type":"EntryPoint","urlTemplate":"https:\/\/staging.kasteeloostvalkenburg.com\/fr\/?s={search_term_string}"},"query-input":{"@type":"PropertyValueSpecification","valueRequired":true,"valueName":"search_term_string"}}],"inLanguage":"fr-FR"},{"@type":"Organization","@id":"https:\/\/staging.kasteeloostvalkenburg.com\/fr\/#organization","name":"Kasteel Oost","url":"https:\/\/staging.kasteeloostvalkenburg.com\/fr\/","logo":{"@type":"ImageObject","inLanguage":"fr-FR","@id":"https:\/\/staging.kasteeloostvalkenburg.com\/fr\/#\/schema\/logo\/image\/","url":"https:\/\/staging.kasteeloostvalkenburg.com\/wp-content\/uploads\/2025\/04\/KasteelOost-logo-darkgray.png","contentUrl":"https:\/\/staging.kasteeloostvalkenburg.com\/wp-content\/uploads\/2025\/04\/KasteelOost-logo-darkgray.png","width":413,"height":318,"caption":"Kasteel Oost"},"image":{"@id":"https:\/\/staging.kasteeloostvalkenburg.com\/fr\/#\/schema\/logo\/image\/"},"sameAs":["https:\/\/www.facebook.com\/Kooningstheweddingpalace","https:\/\/www.instagram.com\/kasteeloost\/","https:\/\/www.tiktok.com\/@kooningstheweddingpalace","https:\/\/nl.pinterest.com\/koonings\/"]}]}},"_links":{"self":[{"href":"https:\/\/staging.kasteeloostvalkenburg.com\/fr\/wp-json\/wp\/v2\/pages\/1510","targetHints":{"allow":["GET"]}}],"collection":[{"href":"https:\/\/staging.kasteeloostvalkenburg.com\/fr\/wp-json\/wp\/v2\/pages"}],"about":[{"href":"https:\/\/staging.kasteeloostvalkenburg.com\/fr\/wp-json\/wp\/v2\/types\/page"}],"author":[{"embeddable":true,"href":"https:\/\/staging.kasteeloostvalkenburg.com\/fr\/wp-json\/wp\/v2\/users\/1"}],"replies":[{"embeddable":true,"href":"https:\/\/staging.kasteeloostvalkenburg.com\/fr\/wp-json\/wp\/v2\/comments?post=1510"}],"version-history":[{"count":5,"href":"https:\/\/staging.kasteeloostvalkenburg.com\/fr\/wp-json\/wp\/v2\/pages\/1510\/revisions"}],"predecessor-version":[{"id":3105,"href":"https:\/\/staging.kasteeloostvalkenburg.com\/fr\/wp-json\/wp\/v2\/pages\/1510\/revisions\/3105"}],"up":[{"embeddable":true,"href":"https:\/\/staging.kasteeloostvalkenburg.com\/fr\/wp-json\/wp\/v2\/pages\/1480"}],"wp:attachment":[{"href":"https:\/\/staging.kasteeloostvalkenburg.com\/fr\/wp-json\/wp\/v2\/media?parent=1510"}],"curies":[{"name":"wp","href":"https:\/\/api.w.org\/{rel}","templated":true}]}}