{"id":1508,"date":"2025-03-06T09:41:12","date_gmt":"2025-03-06T09:41:12","guid":{"rendered":"https:\/\/kasteeloostvalkenburg.com\/restaurant\/"},"modified":"2025-10-31T11:00:53","modified_gmt":"2025-10-31T11:00:53","slug":"restaurant","status":"publish","type":"page","link":"https:\/\/staging.kasteeloostvalkenburg.com\/fr\/restaurant\/","title":{"rendered":"Restaurant"},"content":{"rendered":"\r\n    <section class=\"hero image-right\">\r\n        <div class=\"row d-flex align-items-center\">\r\n            <div class=\"col-12 col-lg-7\">\r\n                <div class=\"hero__intro\">\r\n                                            <div class=\"eye-block breadcrumbs-wrapper\">\r\n                            \r\n            <ul class=\"site-breadcrumbs\">\r\n                <li class=\"crumb\">\r\n                    <a class=\"disable-line\" href=\"https:\/\/staging.kasteeloostvalkenburg.com\">\r\n                        <i class=\"fa-regular fa-home\"><\/i>\r\n                    <\/a>\r\n                <\/li>\r\n                                    <div class=\"divider\"><\/div>\r\n                    <li class=\"crumb first\">\r\n                        <a class=\"disable-line\" href=\"https:\/\/staging.kasteeloostvalkenburg.com\/fr\/restaurant\/\">Restaurant<\/a>\r\n                    <\/li>\r\n                                        <div class=\"divider\"><\/div>\r\n                    <li class=\"crumb \">\r\n                        <a class=\"disable-line\" href=\"https:\/\/staging.kasteeloostvalkenburg.com\/fr\/restaurant\/menu\/\">Menu<\/a>\r\n                    <\/li>\r\n                                <\/ul>\r\n        \r\n                                        <\/div>\r\n                                        <p class=\"hero__intro-subtitle\">Restaurant Mon R\u00eave<\/p>\r\n                    <h1>La perfection culinaire dans un cadre enchanteur<\/h1>\r\n                    <div class=\"hero__intro-content\">\r\n                        <p><p>Stap binnen in de gewelvenkelders van Kasteel Oost en ontdek Mon R\u00eave, het restaurant in het souterrain van dit historische monument. Hier dineer je in een sfeervolle wijnkelder, waar historie en gastronomie samenkomen. Laat je verrassen door seizoensgebonden gerechten, bereid met zorg en passie, en geniet van een culinaire ervaring die al je zintuigen prikkelt.<\/p>\n<div class=\"subpage-links-block\"><a class=\"btn btn-primary me-2 mb-2\" href=\"https:\/\/staging.kasteeloostvalkenburg.com\/fr\/restaurant\/arrangements\/\">Arrangements<\/a><a class=\"btn btn-primary me-2 mb-2\" href=\"https:\/\/staging.kasteeloostvalkenburg.com\/fr\/restaurant\/cheques-cadeaux\/\">Ch\u00e8ques-cadeaux<\/a><a class=\"btn btn-primary me-2 mb-2\" href=\"https:\/\/staging.kasteeloostvalkenburg.com\/fr\/restaurant\/dejeuner-et-diner\/\">D\u00e9jeuner et d\u00eener<\/a><a class=\"btn btn-primary me-2 mb-2\" href=\"https:\/\/staging.kasteeloostvalkenburg.com\/fr\/restaurant\/menu\/\">Menu<\/a><\/div>\n<\/p>\r\n\r\n                        \r\n                    <\/div>\r\n                <\/div>\r\n            <\/div>\r\n            <div class=\"col-12 col-lg-5\">\r\n                                    <div class=\"hero__image\">\r\n                        <img decoding=\"async\" src=\"https:\/\/staging.kasteeloostvalkenburg.com\/wp-content\/uploads\/2025\/10\/kuppens_fotografie_3457-scaled.jpg\" alt=\"\">\r\n                    <\/div>\r\n                            <\/div>\r\n        <\/div>\r\n    <\/section>\r\n\r\n\r\n<div class=\"eye-block empty-space empty-space--large pt-md-5 pb-md-5 pt-4 pb-4\" ><\/div>\r\n    <div class=\"eye-block contentblock fade-in-animation\">\r\n        <div class=\"contentblock__overlapping-images\">\r\n            <div class=\"row\">\r\n                <div class=\"col-12 col-lg-7\">\r\n                    <div class=\"contentblock__overlapping-images__content\">\r\n                                                <h2>D\u00e9jeuner et d\u00eener<\/h2>\r\n                        <div class=\"contentblock__overlapping-images__content-text\">\r\n                            <p>Laat je verrassen door verfijnde gerechten in een sprookjesachtige ambiance. Bij Mon R\u00eave serveren wij een seizoensgebonden menu met dagverse ingredi\u00ebnten, ge\u00efnspireerd door de Franse keuken. Of je nu komt voor een ontspannen lunch of een uitgebreid diner, elk gerecht wordt met passie bereid en geserveerd met oog voor detail. Perfect voor een romantisch samenzijn, een zakelijke lunch of een bijzondere avond uit.<\/p>\n                        <\/div>\r\n\r\n                                                                                    <a                                        class=\"btn btn-primary\" onclick=\"_gstpln.openWidget();\">R\u00e9servez votre table<\/a>\r\n                                                    \r\n                    <\/div>\r\n                <\/div>\r\n                <div class=\"col-12 col-lg-5 overlap\">\r\n                    <div class=\"contentblock__overlapping-images__images\">\r\n                        <img decoding=\"async\" class=\"skip-lazy\" src=\"https:\/\/staging.kasteeloostvalkenburg.com\/wp-content\/uploads\/2025\/10\/DSC_6381-scaled.jpg\" alt=\"\">\r\n                        <img decoding=\"async\" class=\"skip-lazy\" src=\"https:\/\/staging.kasteeloostvalkenburg.com\/wp-content\/uploads\/2025\/09\/3X7A2376.jpg\" alt=\"\">\r\n                        <img decoding=\"async\" class=\"skip-lazy\" src=\"https:\/\/staging.kasteeloostvalkenburg.com\/wp-content\/uploads\/2025\/04\/Fotos-Kasteel-Oost-6-scaled.jpg\" alt=\"\">\r\n                    <\/div>\r\n                <\/div>\r\n            <\/div>\r\n        <\/div>\r\n    <\/div>\r\n\r\n\r\n\r\n<div class=\"eye-block empty-space empty-space--large pt-md-5 pb-md-5 pt-4 pb-4\" ><\/div>\r\n    <div class=\"eye-block contentblock fade-in-animation\">\r\n        <div class=\"contentblock__colored-bg alt\">\r\n            <div class=\"row gx-6\">\r\n                <div class=\"col-12 col-lg-6\">\r\n                    <div class=\"contentblock__colored-bg__image alt\">\r\n                        <img decoding=\"async\" src=\"https:\/\/staging.kasteeloostvalkenburg.com\/wp-content\/uploads\/2025\/03\/Woensdag-4-december-2024-Beelden-Mon-Reve-najaar-2024-65-scaled.jpg\" alt=\"\" data-speed=\".5\">\r\n                    <\/div>\r\n                <\/div>\r\n                <div class=\"col-12 col-lg-6\">\r\n                    <div class=\"contentblock__colored-bg__content-alt\">\r\n                        <div class=\"filled-block\">\r\n                                                        <h2>Carte de menu<\/h2>\r\n                        <\/div>\r\n                        <div class=\"contentblock__colored-bg__content-text\">\r\n                            <p>Ontdek onze verfijnde gerechten die elk moment bijzonder maken. Van elegante voorgerechten tot verrukkelijke hoofdgerechten en verfijnde desserts \u2013 elke hap is een belevenis. Laat je leiden door de creativiteit van onze chef en geniet van een diner dat al je zintuigen prikkelt.<\/p>\n                        <\/div>\r\n\r\n                                                                                    <a href=\"https:\/\/staging.kasteeloostvalkenburg.com\/fr\/restaurant\/menu\/\"                                        class=\"link\">Voir le menu<\/a>\r\n                                                                        <\/div>\r\n                <\/div>\r\n            <\/div>\r\n        <\/div>\r\n    <\/div>\r\n\r\n<div class=\"eye-block empty-space empty-space--large pt-md-5 pb-md-5 pt-4 pb-4\" ><\/div>\r\n    <div class=\"eye-block contentblock fade-in-animation\">\r\n        <div class=\"contentblock__overlapping-images\">\r\n            <div class=\"row\">\r\n                <div class=\"col-12 col-lg-7\">\r\n                    <div class=\"contentblock__overlapping-images__content\">\r\n                                                <h2>D\u00e9couvrez nos forfaits<\/h2>\r\n                        <div class=\"contentblock__overlapping-images__content-text\">\r\n                            <p>Of je nu iets te vieren hebt of gewoon wilt genieten van een sfeervolle middag, onze arrangementen maken elk samenzijn speciaal. Laat je verwennen met een uitgebreide selectie van heerlijke hapjes en dranken, zorgvuldig samengesteld door onze chef. Van een verfijnde high tea tot een gezellige borrel \u2013 wij zorgen voor een smaakvolle beleving die perfect past bij jouw gezelschap.<\/p>\n                        <\/div>\r\n\r\n                                                                                    <a href=\"https:\/\/staging.kasteeloostvalkenburg.com\/fr\/restaurant\/arrangements\/\"                                        class=\"link\">Consultez nos forfaits<\/a>\r\n                                                    \r\n                    <\/div>\r\n                <\/div>\r\n                <div class=\"col-12 col-lg-5 overlap\">\r\n                    <div class=\"contentblock__overlapping-images__images\">\r\n                        <img decoding=\"async\" class=\"skip-lazy\" src=\"https:\/\/staging.kasteeloostvalkenburg.com\/wp-content\/uploads\/2025\/04\/High-Tea-en-High-Wine-31-scaled-e1744614474225.jpg\" alt=\"\">\r\n                        <img decoding=\"async\" class=\"skip-lazy\" src=\"https:\/\/staging.kasteeloostvalkenburg.com\/wp-content\/uploads\/2025\/04\/High-Tea-en-High-Wine-12-scaled.jpg\" alt=\"\">\r\n                        <img decoding=\"async\" class=\"skip-lazy\" src=\"https:\/\/staging.kasteeloostvalkenburg.com\/wp-content\/uploads\/2025\/04\/Fotos-Kasteel-Oost-17-scaled-e1744617403745.jpg\" alt=\"\">\r\n                    <\/div>\r\n                <\/div>\r\n            <\/div>\r\n        <\/div>\r\n    <\/div>\r\n\r\n\r\n\r\n<div class=\"eye-block empty-space empty-space--large pt-md-5 pb-md-5 pt-4 pb-4\" ><\/div>\r\n    <div class=\"eye-block contentblock fade-in-animation\">\r\n        <div class=\"contentblock__colored-bg bg--darkgray\">\r\n            <div class=\"row gx-6\">\r\n                <div class=\"col-12 col-lg-6\">\r\n                    <div class=\"contentblock__colored-bg__image\">\r\n                        <img decoding=\"async\" src=\"https:\/\/staging.kasteeloostvalkenburg.com\/wp-content\/uploads\/2025\/09\/2025_05_25_KOONINGS_KASTEELOOST_OPENING_245-scaled.jpg\" alt=\"\">\r\n                    <\/div>\r\n                <\/div>\r\n                <div class=\"col-12 col-lg-6 d-flex align-items-center\">\r\n                    <div class=\"contentblock__colored-bg__content\">\r\n                                                <h2>Terrasse<\/h2>\r\n                        <div class=\"contentblock__colored-bg__content-text\">\r\n                            <p>Een zonnig terras, omringd door natuur en historie. Bij restaurant Mon R\u00eave in Kasteel Oost geniet je van een hapje en een drankje met een adembenemend uitzicht op het okergele, monumentale kasteel en het uitgestrekte landgoed. Of je nu komt voor een ontspannen lunch, een verfrissend glas wijn of een sfeervol diner in de buitenlucht, ons terras biedt de perfecte setting voor ieder moment.<\/p>\n                        <\/div>\r\n\r\n                                                                                    <a                                        class=\"btn btn-tertiary\" onclick=\"_gstpln.openWidget();\">R\u00e9servez votre table<\/a>\r\n                                                    \r\n                    <\/div>\r\n                <\/div>\r\n            <\/div>\r\n        <\/div>\r\n    <\/div>\r\n\r\n\r\n<div class=\"eye-block empty-space empty-space--large pt-md-5 pb-md-5 pt-4 pb-4\" ><\/div>\r\n<div class=\"eye-block empty-space empty-space--large pt-md-5 pb-md-5 pt-4 pb-4\" ><\/div>\r\n    <div class=\"eye-block contentblock fade-in-animation\">\r\n        <div class=\"contentblock__arrow-split__container\">\r\n            <div class=\"contentblock__arrow-split\">\r\n                <div class=\"contentblock__arrow-split__title\">\r\n                                            <p class=\"introtext\">Offrez un cadeau de bon go\u00fbt<\/p>\r\n                                        <h2>Ch\u00e8ques-cadeaux<\/h2>\r\n                <\/div>\r\n                <div class=\"contentblock__arrow-split__seperator\">\r\n                    <img decoding=\"async\" src=\"https:\/\/staging.kasteeloostvalkenburg.com\/wp-content\/themes\/kasteeloost\/images\/arrow-decoration.svg\" alt=\"Arrow seperator\">\r\n                <\/div>\r\n                <div class=\"contentblock__arrow-split__text\">\r\n                    <p>Wil je iemand verrassen met een bijzonder cadeau? Of het nu een verjaardag, een diploma-uitreiking, Moederdag of gewoon een moment om te vieren is \u2013 een heerlijke ervaring in ons restaurant is altijd een goed idee.<\/p>\n                                                                        <a href=\"https:\/\/staging.kasteeloostvalkenburg.com\/fr\/restaurant\/cheques-cadeaux\/\"                                    class=\"link\">Voir les ch\u00e8ques-cadeaux<\/a>\r\n                                                            <\/div>\r\n            <\/div>\r\n        <\/div>\r\n    <\/div>\r\n\r\n\r\n<div class=\"eye-block empty-space empty-space--large pt-md-5 pb-md-5 pt-4 pb-4\" ><\/div>\r\n<div class=\"eye-block empty-space empty-space--large pt-md-5 pb-md-5 pt-4 pb-4\" ><\/div>\r\n<div class=\"eye-block end-of-page-link\">\r\n    <div class=\"end-of-page-link__intro\">\r\n        <p>D\u00e9couvrir \u00e0<\/p>\r\n        <h2 class=\"no-fancy-letter\">Kasteel Oost<\/h2>\r\n        <a href=\"\/album\" class=\"btn btn-primary\">Galerij<\/a>\r\n    <\/div>\r\n    <div class=\"end-of-page-link__images\">\r\n                    <a href=\"\/fr\/hotel\" class=\"end-of-page-link__images-item\">\r\n                <p> H\u00f4tel<\/p>\r\n                <img decoding=\"async\" src=\"https:\/\/staging.kasteeloostvalkenburg.com\/wp-content\/uploads\/2025\/03\/Suites-Thumbnail-scaled.webp\" alt=\" H\u00f4tel\">\r\n            <\/a>\r\n                    <a href=\"\/fr\/restaurant\" class=\"end-of-page-link__images-item\">\r\n                <p>Restaurant<\/p>\r\n                <img decoding=\"async\" src=\"https:\/\/staging.kasteeloostvalkenburg.com\/wp-content\/uploads\/2025\/03\/Restaurant-Thumbnail-scaled.webp\" alt=\"Restaurant\">\r\n            <\/a>\r\n            <\/div>\r\n<\/div>\r\n\r\n<div class=\"eye-block empty-space empty-space--large pt-md-5 pb-md-5 pt-4 pb-4\" ><\/div>\n<div class=\"ghostkit-grid ghostkit-grid-gap-md ghostkit-grid-justify-content-center\"><div class=\"ghostkit-grid-inner\">\n<div class=\"ghostkit-col ghostkit-col-lg-12 ghostkit-col-xl-12 ghostkit-col-4\"><div class=\"ghostkit-col-content is-layout-flow wp-block-grid-column-is-layout-flow\">\r\n<div class=\"colored-bg-container\">\r\n    <div class=\"eye-block colored-bg bg--lightbeige\">\r\n        <div class=\"container\">\r\n            <div class=\"row\">\r\n                <div class=\"col-12 p-0\">\r\n                    <div class=\"acf-innerblocks-container\">\n\n<h4 class=\"wp-block-heading\" id=\"contact\">Contact<\/h4>\n\n\n\n<ul class=\"wp-block-list\">\n<li><a href=\"mailto:Info@monrevevalkenburg.com\">info@monrevevalkenburg.com<\/a><\/li>\n\n\n\n<li>+31 (0) 432 &#8211; 050 292<\/li>\n<\/ul>\n\n<\/div>\r\n                <\/div>\r\n            <\/div>\r\n        <\/div>\r\n    <\/div>\r\n<\/div><\/div><\/div>\n<\/div><\/div>\n","protected":false},"excerpt":{"rendered":"","protected":false},"author":1,"featured_media":0,"parent":0,"menu_order":0,"comment_status":"closed","ping_status":"closed","template":"","meta":{"_acf_changed":false,"ghostkit_customizer_options":"","ghostkit_custom_css":"","ghostkit_custom_js_head":"","ghostkit_custom_js_foot":"","ghostkit_typography":"","footnotes":""},"class_list":["post-1508","page","type-page","status-publish","hentry"],"acf":[],"yoast_head":"<!-- This site is optimized with the Yoast SEO plugin v26.2 - https:\/\/yoast.com\/wordpress\/plugins\/seo\/ -->\n<title>Restaurant Mon R\u00eave - D\u00eener dans la cave \u00e0 vin de Kasteel Oost<\/title>\n<meta name=\"description\" content=\"D\u00e9couvrez Mon R\u00eave, le restaurant de la cave \u00e0 vin de Kasteel Oost. Profitez d&#039;une exp\u00e9rience culinaire dans une cave \u00e0 vin atmosph\u00e9rique avec des plats de saison.\" \/>\n<meta name=\"robots\" content=\"noindex, follow, max-snippet:-1, max-image-preview:large, max-video-preview:-1\" \/>\n<meta property=\"og:locale\" content=\"fr_FR\" \/>\n<meta property=\"og:type\" content=\"article\" \/>\n<meta property=\"og:title\" content=\"Restaurant Mon R\u00eave - D\u00eener dans la cave \u00e0 vin de Kasteel Oost\" \/>\n<meta property=\"og:description\" content=\"D\u00e9couvrez Mon R\u00eave, le restaurant de la cave \u00e0 vin de Kasteel Oost. Profitez d&#039;une exp\u00e9rience culinaire dans une cave \u00e0 vin atmosph\u00e9rique avec des plats de saison.\" \/>\n<meta property=\"og:url\" content=\"https:\/\/staging.kasteeloostvalkenburg.com\/fr\/restaurant\/\" \/>\n<meta property=\"og:site_name\" content=\"Kasteel Oost\" \/>\n<meta property=\"article:publisher\" content=\"https:\/\/www.facebook.com\/Kooningstheweddingpalace\" \/>\n<meta property=\"article:modified_time\" content=\"2025-10-31T11:00:53+00:00\" \/>\n<meta name=\"twitter:card\" content=\"summary_large_image\" \/>\n<script type=\"application\/ld+json\" class=\"yoast-schema-graph\">{\"@context\":\"https:\/\/schema.org\",\"@graph\":[{\"@type\":\"WebPage\",\"@id\":\"https:\/\/staging.kasteeloostvalkenburg.com\/fr\/restaurant\/\",\"url\":\"https:\/\/staging.kasteeloostvalkenburg.com\/fr\/restaurant\/\",\"name\":\"Restaurant Mon R\u00eave - D\u00eener dans la cave \u00e0 vin de Kasteel Oost\",\"isPartOf\":{\"@id\":\"https:\/\/staging.kasteeloostvalkenburg.com\/fr\/#website\"},\"datePublished\":\"2025-03-06T09:41:12+00:00\",\"dateModified\":\"2025-10-31T11:00:53+00:00\",\"description\":\"D\u00e9couvrez Mon R\u00eave, le restaurant de la cave \u00e0 vin de Kasteel Oost. Profitez d'une exp\u00e9rience culinaire dans une cave \u00e0 vin atmosph\u00e9rique avec des plats de saison.\",\"breadcrumb\":{\"@id\":\"https:\/\/staging.kasteeloostvalkenburg.com\/fr\/restaurant\/#breadcrumb\"},\"inLanguage\":\"fr-FR\",\"potentialAction\":[{\"@type\":\"ReadAction\",\"target\":[\"https:\/\/staging.kasteeloostvalkenburg.com\/fr\/restaurant\/\"]}]},{\"@type\":\"BreadcrumbList\",\"@id\":\"https:\/\/staging.kasteeloostvalkenburg.com\/fr\/restaurant\/#breadcrumb\",\"itemListElement\":[{\"@type\":\"ListItem\",\"position\":1,\"name\":\"Accueil\",\"item\":\"https:\/\/staging.kasteeloostvalkenburg.com\/fr\/\"},{\"@type\":\"ListItem\",\"position\":2,\"name\":\"Restaurant\"}]},{\"@type\":\"WebSite\",\"@id\":\"https:\/\/staging.kasteeloostvalkenburg.com\/fr\/#website\",\"url\":\"https:\/\/staging.kasteeloostvalkenburg.com\/fr\/\",\"name\":\"Kasteel Oost\",\"description\":\"\",\"publisher\":{\"@id\":\"https:\/\/staging.kasteeloostvalkenburg.com\/fr\/#organization\"},\"potentialAction\":[{\"@type\":\"SearchAction\",\"target\":{\"@type\":\"EntryPoint\",\"urlTemplate\":\"https:\/\/staging.kasteeloostvalkenburg.com\/fr\/?s={search_term_string}\"},\"query-input\":{\"@type\":\"PropertyValueSpecification\",\"valueRequired\":true,\"valueName\":\"search_term_string\"}}],\"inLanguage\":\"fr-FR\"},{\"@type\":\"Organization\",\"@id\":\"https:\/\/staging.kasteeloostvalkenburg.com\/fr\/#organization\",\"name\":\"Kasteel Oost\",\"url\":\"https:\/\/staging.kasteeloostvalkenburg.com\/fr\/\",\"logo\":{\"@type\":\"ImageObject\",\"inLanguage\":\"fr-FR\",\"@id\":\"https:\/\/staging.kasteeloostvalkenburg.com\/fr\/#\/schema\/logo\/image\/\",\"url\":\"https:\/\/staging.kasteeloostvalkenburg.com\/wp-content\/uploads\/2025\/04\/KasteelOost-logo-darkgray.png\",\"contentUrl\":\"https:\/\/staging.kasteeloostvalkenburg.com\/wp-content\/uploads\/2025\/04\/KasteelOost-logo-darkgray.png\",\"width\":413,\"height\":318,\"caption\":\"Kasteel Oost\"},\"image\":{\"@id\":\"https:\/\/staging.kasteeloostvalkenburg.com\/fr\/#\/schema\/logo\/image\/\"},\"sameAs\":[\"https:\/\/www.facebook.com\/Kooningstheweddingpalace\",\"https:\/\/www.instagram.com\/kasteeloost\/\",\"https:\/\/www.tiktok.com\/@kooningstheweddingpalace\",\"https:\/\/nl.pinterest.com\/koonings\/\"]}]}<\/script>\n<!-- \/ Yoast SEO plugin. -->","yoast_head_json":{"title":"Restaurant Mon R\u00eave - D\u00eener dans la cave \u00e0 vin de Kasteel Oost","description":"D\u00e9couvrez Mon R\u00eave, le restaurant de la cave \u00e0 vin de Kasteel Oost. Profitez d'une exp\u00e9rience culinaire dans une cave \u00e0 vin atmosph\u00e9rique avec des plats de saison.","robots":{"index":"noindex","follow":"follow","max-snippet":"max-snippet:-1","max-image-preview":"max-image-preview:large","max-video-preview":"max-video-preview:-1"},"og_locale":"fr_FR","og_type":"article","og_title":"Restaurant Mon R\u00eave - D\u00eener dans la cave \u00e0 vin de Kasteel Oost","og_description":"D\u00e9couvrez Mon R\u00eave, le restaurant de la cave \u00e0 vin de Kasteel Oost. Profitez d'une exp\u00e9rience culinaire dans une cave \u00e0 vin atmosph\u00e9rique avec des plats de saison.","og_url":"https:\/\/staging.kasteeloostvalkenburg.com\/fr\/restaurant\/","og_site_name":"Kasteel Oost","article_publisher":"https:\/\/www.facebook.com\/Kooningstheweddingpalace","article_modified_time":"2025-10-31T11:00:53+00:00","twitter_card":"summary_large_image","schema":{"@context":"https:\/\/schema.org","@graph":[{"@type":"WebPage","@id":"https:\/\/staging.kasteeloostvalkenburg.com\/fr\/restaurant\/","url":"https:\/\/staging.kasteeloostvalkenburg.com\/fr\/restaurant\/","name":"Restaurant Mon R\u00eave - D\u00eener dans la cave \u00e0 vin de Kasteel Oost","isPartOf":{"@id":"https:\/\/staging.kasteeloostvalkenburg.com\/fr\/#website"},"datePublished":"2025-03-06T09:41:12+00:00","dateModified":"2025-10-31T11:00:53+00:00","description":"D\u00e9couvrez Mon R\u00eave, le restaurant de la cave \u00e0 vin de Kasteel Oost. Profitez d'une exp\u00e9rience culinaire dans une cave \u00e0 vin atmosph\u00e9rique avec des plats de saison.","breadcrumb":{"@id":"https:\/\/staging.kasteeloostvalkenburg.com\/fr\/restaurant\/#breadcrumb"},"inLanguage":"fr-FR","potentialAction":[{"@type":"ReadAction","target":["https:\/\/staging.kasteeloostvalkenburg.com\/fr\/restaurant\/"]}]},{"@type":"BreadcrumbList","@id":"https:\/\/staging.kasteeloostvalkenburg.com\/fr\/restaurant\/#breadcrumb","itemListElement":[{"@type":"ListItem","position":1,"name":"Accueil","item":"https:\/\/staging.kasteeloostvalkenburg.com\/fr\/"},{"@type":"ListItem","position":2,"name":"Restaurant"}]},{"@type":"WebSite","@id":"https:\/\/staging.kasteeloostvalkenburg.com\/fr\/#website","url":"https:\/\/staging.kasteeloostvalkenburg.com\/fr\/","name":"Kasteel Oost","description":"","publisher":{"@id":"https:\/\/staging.kasteeloostvalkenburg.com\/fr\/#organization"},"potentialAction":[{"@type":"SearchAction","target":{"@type":"EntryPoint","urlTemplate":"https:\/\/staging.kasteeloostvalkenburg.com\/fr\/?s={search_term_string}"},"query-input":{"@type":"PropertyValueSpecification","valueRequired":true,"valueName":"search_term_string"}}],"inLanguage":"fr-FR"},{"@type":"Organization","@id":"https:\/\/staging.kasteeloostvalkenburg.com\/fr\/#organization","name":"Kasteel Oost","url":"https:\/\/staging.kasteeloostvalkenburg.com\/fr\/","logo":{"@type":"ImageObject","inLanguage":"fr-FR","@id":"https:\/\/staging.kasteeloostvalkenburg.com\/fr\/#\/schema\/logo\/image\/","url":"https:\/\/staging.kasteeloostvalkenburg.com\/wp-content\/uploads\/2025\/04\/KasteelOost-logo-darkgray.png","contentUrl":"https:\/\/staging.kasteeloostvalkenburg.com\/wp-content\/uploads\/2025\/04\/KasteelOost-logo-darkgray.png","width":413,"height":318,"caption":"Kasteel Oost"},"image":{"@id":"https:\/\/staging.kasteeloostvalkenburg.com\/fr\/#\/schema\/logo\/image\/"},"sameAs":["https:\/\/www.facebook.com\/Kooningstheweddingpalace","https:\/\/www.instagram.com\/kasteeloost\/","https:\/\/www.tiktok.com\/@kooningstheweddingpalace","https:\/\/nl.pinterest.com\/koonings\/"]}]}},"_links":{"self":[{"href":"https:\/\/staging.kasteeloostvalkenburg.com\/fr\/wp-json\/wp\/v2\/pages\/1508","targetHints":{"allow":["GET"]}}],"collection":[{"href":"https:\/\/staging.kasteeloostvalkenburg.com\/fr\/wp-json\/wp\/v2\/pages"}],"about":[{"href":"https:\/\/staging.kasteeloostvalkenburg.com\/fr\/wp-json\/wp\/v2\/types\/page"}],"author":[{"embeddable":true,"href":"https:\/\/staging.kasteeloostvalkenburg.com\/fr\/wp-json\/wp\/v2\/users\/1"}],"replies":[{"embeddable":true,"href":"https:\/\/staging.kasteeloostvalkenburg.com\/fr\/wp-json\/wp\/v2\/comments?post=1508"}],"version-history":[{"count":14,"href":"https:\/\/staging.kasteeloostvalkenburg.com\/fr\/wp-json\/wp\/v2\/pages\/1508\/revisions"}],"predecessor-version":[{"id":5038,"href":"https:\/\/staging.kasteeloostvalkenburg.com\/fr\/wp-json\/wp\/v2\/pages\/1508\/revisions\/5038"}],"wp:attachment":[{"href":"https:\/\/staging.kasteeloostvalkenburg.com\/fr\/wp-json\/wp\/v2\/media?parent=1508"}],"curies":[{"name":"wp","href":"https:\/\/api.w.org\/{rel}","templated":true}]}}