{"id":1488,"date":"2025-03-18T13:23:20","date_gmt":"2025-03-18T13:23:20","guid":{"rendered":"https:\/\/kasteeloostvalkenburg.com\/autre\/a-propos-de-nous\/"},"modified":"2025-08-28T11:43:45","modified_gmt":"2025-08-28T11:43:45","slug":"a-propos-de-nous","status":"publish","type":"page","link":"https:\/\/staging.kasteeloostvalkenburg.com\/fr\/autre\/a-propos-de-nous\/","title":{"rendered":"A propos de nous"},"content":{"rendered":"\r\n        <section class=\"hero other\">\r\n            <div class=\"hero__intro\">\r\n                                    <div class=\"eye-block breadcrumbs-wrapper\">\r\n                        \r\n            <ul class=\"site-breadcrumbs\">\r\n                <li class=\"crumb\">\r\n                    <a class=\"disable-line\" href=\"https:\/\/staging.kasteeloostvalkenburg.com\">\r\n                        <i class=\"fa-regular fa-home\"><\/i>\r\n                    <\/a>\r\n                <\/li>\r\n                                    <div class=\"divider\"><\/div>\r\n                    <li class=\"crumb first\">\r\n                        <a class=\"disable-line\" href=\"https:\/\/staging.kasteeloostvalkenburg.com\/fr\/autre\/\">Autre<\/a>\r\n                    <\/li>\r\n                                        <div class=\"divider\"><\/div>\r\n                    <li class=\"crumb \">\r\n                        <a class=\"disable-line\" href=\"https:\/\/staging.kasteeloostvalkenburg.com\/fr\/autre\/a-propos-de-nous\/\">A propos de nous<\/a>\r\n                    <\/li>\r\n                                <\/ul>\r\n        \r\n                                    <\/div>\r\n                                <p class=\"m-0\">A propos de nous<\/p>\r\n                <h1>L&rsquo;histoire derri\u00e8re Kasteel Oost<\/h1>\r\n            <\/div>\r\n                            <div class=\"hero__image\">\r\n                    <img decoding=\"async\" src=\"https:\/\/staging.kasteeloostvalkenburg.com\/wp-content\/uploads\/2025\/07\/Kasteel_oost_buitenkant_1-scaled.jpg\" alt=\"\">\r\n                <\/div>\r\n                    <\/section>\r\n\r\n\r\n<div class=\"eye-block empty-space empty-space--large pt-md-5 pb-md-5 pt-4 pb-4\" ><\/div>\r\n<div class=\"eye-block onpagenav \">\r\n    <div class=\"onpage-container\">\r\n        <nav id=\"onpage-nav\" aria-label=\"Inhoudsopgave\">\r\n            <ul class=\"onpage-nav-list\">\r\n                                    <li class=\"onpage-nav-item\">\r\n                        <a class=\"onpage-nav-link\" href=\"#a-propos-de-kasteel-oost-section\">\u00c0 propos de Kasteel Oost<\/a>\r\n                    <\/li>\r\n                                    <li class=\"onpage-nav-item\">\r\n                        <a class=\"onpage-nav-link\" href=\"#kasteel-oost-et-son-histoire-section\">Kasteel Oost et son histoire<\/a>\r\n                    <\/li>\r\n                            <\/ul>\r\n        <\/nav>\r\n\r\n        <div id=\"mobile-nav-container\" class=\"d-flex d-md-none\">\r\n            <button id=\"mobile-nav-toggle\">Navigatie <i class=\"fas fa-angle-down\"><\/i><\/button>\r\n            <ul id=\"mobile-nav-list\">\r\n                                    <li class=\"onpage-nav-item\">\r\n                        <a class=\"onpage-nav-link\" href=\"#a-propos-de-kasteel-oost-section\">\u00c0 propos de Kasteel Oost<\/a>\r\n                    <\/li>\r\n                                    <li class=\"onpage-nav-item\">\r\n                        <a class=\"onpage-nav-link\" href=\"#kasteel-oost-et-son-histoire-section\">Kasteel Oost et son histoire<\/a>\r\n                    <\/li>\r\n                            <\/ul>\r\n        <\/div>\r\n\r\n                    <nav id=\"onpage-nav-fixed\" aria-label=\"Inhoudsopgave\" class=\"fixed\">\r\n                <ul class=\"onpage-nav-list\">\r\n                                            <li class=\"onpage-nav-item\">\r\n                            <a class=\"onpage-nav-link\" href=\"#a-propos-de-kasteel-oost-section\">\u00c0 propos de Kasteel Oost<\/a>\r\n                        <\/li>\r\n                                            <li class=\"onpage-nav-item\">\r\n                            <a class=\"onpage-nav-link\" href=\"#kasteel-oost-et-son-histoire-section\">Kasteel Oost et son histoire<\/a>\r\n                        <\/li>\r\n                                    <\/ul>\r\n            <\/nav>\r\n            <\/div>\r\n<\/div>\r\n\r\n<script>\r\n    document.addEventListener('DOMContentLoaded', function() {\r\n        const fixedNav = document.getElementById('onpage-nav-fixed');\r\n        const scrollThreshold = window.innerHeight;\r\n        const footerOffset = 780;\r\n        const mobileNavToggle = document.getElementById(\"mobile-nav-toggle\");\r\n        const mobileNavContainer = document.getElementById(\"mobile-nav-container\");\r\n        const mobileNavLinks = document.querySelectorAll(\".onpage-nav-link\");\r\n\r\n        const mobileNavContainerTop = mobileNavContainer.getBoundingClientRect().top + window.scrollY;\r\n\r\n        if (mobileNavToggle) {\r\n            mobileNavToggle.addEventListener(\"click\", function () {\r\n                mobileNavContainer.classList.toggle(\"active\");\r\n            });\r\n        }\r\n\r\n        if (mobileNavLinks) {\r\n            mobileNavLinks.forEach(link => {\r\n                link.addEventListener(\"click\", function () {\r\n                    mobileNavContainer.classList.remove(\"active\");\r\n                });\r\n            });\r\n        }\r\n\r\n        window.addEventListener('scroll', function() {\r\n            const scrollY = window.scrollY;\r\n            const pageHeight = document.documentElement.scrollHeight;\r\n            const windowHeight = window.innerHeight;\r\n            const distanceFromBottom = pageHeight - scrollY - windowHeight;\r\n\r\n            if (scrollY > mobileNavContainerTop) {\r\n                mobileNavContainer.classList.add(\"scrolled\");\r\n            } else {\r\n                mobileNavContainer.classList.remove(\"scrolled\");\r\n            }\r\n\r\n            if (scrollY > scrollThreshold) {\r\n                fixedNav.classList.add('visible');\r\n                mobileNavContainer.classList.add('scrolled');\r\n            } else {\r\n                fixedNav.classList.remove('visible');\r\n                mobileNavContainer.classList.remove('scrolled');\r\n            }\r\n\r\n            if (distanceFromBottom < footerOffset) {\r\n                fixedNav.classList.remove('visible');\r\n            }\r\n        });\r\n    });\r\n<\/script>\r\n\r\n\r\n\r\n\r\n<div class=\"eye-block empty-space empty-space--large pt-md-5 pb-md-5 pt-4 pb-4\" ><\/div>\r\n<div id=\"a-propos-de-kasteel-oost-section\" class=\"eye-block menu-section\" title=\"a-propos-de-kasteel-oost\" data-section-name=\"\u00c0 propos de Kasteel Oost\"><\/div>\r\n\n<div class=\"ghostkit-grid ghostkit-grid-gap-md ghostkit-grid-justify-content-center\"><div class=\"ghostkit-grid-inner\">\n<div class=\"ghostkit-col ghostkit-col-lg-12 ghostkit-col-8\"><div class=\"ghostkit-col-content is-layout-flow wp-block-grid-column-is-layout-flow\">\n<h2 class=\"wp-block-heading has-text-align-center\" id=\"kasteel-oost-en-haar-geschiedenis\">\u00c0 propos de Kasteel Oost<\/h2>\n\n\n\r\n<div class=\"eye-block empty-space empty-space--petit \" ><\/div>\n\n\n<p class=\"has-text-align-center\"><strong>Un lieu o\u00f9 l'histoire, la qualit\u00e9 et l'exp\u00e9rience se conjuguent<\/strong><\/p>\n\n\n\n<p class=\"has-text-align-center\">Sur les rives de la rivi\u00e8re Geul, juste \u00e0 l'ext\u00e9rieur du centre du Fauquemont, se trouve Kasteel Oost : un domaine majestueux o\u00f9 l'\u00e9l\u00e9gance intemporelle rencontre le confort contemporain. Dans ce ch\u00e2teau unique, vous trouverez sous un m\u00eame toit tout ce qu'il faut pour vivre une exp\u00e9rience inoubliable. <\/p>\n\n\n\n<p class=\"has-text-align-center\">Aujourd'hui, Kasteel Oost est une destination polyvalente. Vous pouvez passer la nuit avec style dans l'h\u00f4tel quatre \u00e9toiles sup\u00e9rieur, d\u00e9guster des plats raffin\u00e9s au restaurant <em>Mon R\u00eave<\/em> et c\u00e9l\u00e9brer des moments sp\u00e9ciaux dans un cadre atmosph\u00e9rique. Qu'il s'agisse d'un mariage romantique, d'un d\u00eener familial intime ou d'un \u00e9v\u00e9nement professionnel, Kasteel Oost offre le cadre et le service qui rendent chaque moment sp\u00e9cial.  <\/p>\n\n\n\n<p class=\"has-text-align-center\">En plus de ces exp\u00e9riences, vous trouverez \u00e9galement une succursale de Koonings dans le ch\u00e2teau. Il s'agit du seul magasin de robes de mari\u00e9e des Pays-Bas situ\u00e9 dans un monument. Ici, les futurs mari\u00e9s peuvent trouver la tenue de leurs r\u00eaves et avoir l'occasion unique de dire \"je le veux\" au m\u00eame endroit.  <\/p>\n\n\n\r\n<div class=\"eye-block empty-space empty-space--large pt-md-5 pb-md-5 pt-4 pb-4\" ><\/div><\/div><\/div>\n<\/div><\/div>\n\r\n<div class=\"eye-block photo-block\">\r\n    <div class=\"row g-6 mb-6 d-flex align-items-center\">\r\n        <div class=\"col-12 col-md-6\">\r\n            <div class=\"photo-block__image first\" data-speed=\"1.2\">\r\n                <img decoding=\"async\" src=\"https:\/\/staging.kasteeloostvalkenburg.com\/wp-content\/uploads\/2025\/08\/kasteeloost-e1755525442391.jpg\" alt=\"\">\r\n            <\/div>\r\n        <\/div>\r\n        <div class=\"col-12 col-md-6\">\r\n            <div class=\"photo-block__image second\" data-speed=\"1.5\">\r\n                <img decoding=\"async\" src=\"https:\/\/staging.kasteeloostvalkenburg.com\/wp-content\/uploads\/2025\/03\/Fotos-Kasteel-Oost-7-scaled.jpg\" alt=\"\">\r\n            <\/div>\r\n        <\/div>\r\n    <\/div>\r\n\r\n            <div class=\"w-100 d-flex justify-content-center\">\r\n            <div class=\"photo-block__image third\" data-speed=\"1.5\">\r\n                <img decoding=\"async\" src=\"https:\/\/staging.kasteeloostvalkenburg.com\/wp-content\/uploads\/2025\/07\/2025_05_25_KOONINGS_KASTEELOOST_OPENING_193-scaled-e1751550190266.jpg\" alt=\"\">\r\n            <\/div>\r\n        <\/div>\r\n    <\/div>\r\n<div class=\"eye-block empty-space empty-space--large pt-md-5 pb-md-5 pt-4 pb-4\" ><\/div>\r\n<div id=\"kasteel-oost-et-son-histoire-section\" class=\"eye-block menu-section\" title=\"kasteel-oost-et-son-histoire\" data-section-name=\"Kasteel Oost et son histoire\"><\/div>\r\n\n<div class=\"ghostkit-grid ghostkit-grid-gap-md ghostkit-grid-justify-content-center\"><div class=\"ghostkit-grid-inner\">\n<div class=\"ghostkit-col ghostkit-col-lg-12 ghostkit-col-8\"><div class=\"ghostkit-col-content is-layout-flow wp-block-grid-column-is-layout-flow\">\n<h2 class=\"wp-block-heading has-text-align-left\" id=\"kasteel-oost-en-haar-geschiedenis\">Kasteel Oost et son histoire<\/h2>\n\n\n\r\n<div class=\"eye-block empty-space empty-space--petit \" ><\/div>\n\n\n<p>Kasteel Oostsitu\u00e9 sur le Geul \u00e0 Fauquemont, est un manoir de couleur ocre dont l'histoire est riche et remonte \u00e0 la seconde moiti\u00e9 du XVIe si\u00e8cle. Un magnifique b\u00e2timent qui a toujours appartenu \u00e0 de riches familles nobles et dans lequel des personnalit\u00e9s de haut rang allaient et venaient. \u00c0 son apog\u00e9e, en 1626, Kasteel Oost \u00e9tait un lieu o\u00f9 de magnifiques festins se d\u00e9roulaient pendant des jours et o\u00f9 la haute soci\u00e9t\u00e9 se r\u00e9unissait. Au fil des si\u00e8cles, le ch\u00e2teau a connu une histoire mouvement\u00e9e, faite d'h\u00e9ritages et de divers transferts de propri\u00e9t\u00e9, qui se sont toujours d\u00e9roul\u00e9s au sein de la haute noblesse. Tous avaient cependant un point commun : l'attachement et l'amour pour Kasteel Oost et ses terres.    <\/p>\n\n\n\n<p>Son aspect actuel, y compris sa couleur \u00e9clatante, date de 1836. Le b\u00e2timent, en forme de U, comprend une cour flanqu\u00e9e de piliers avec des lions en pierre, et est entour\u00e9 de jardins baroques librement accessibles. Au fil des si\u00e8cles, le ch\u00e2teau a eu diverses fonctions, notamment celle d'\u00e9cole d'agriculture et de centre litt\u00e9raire.  <\/p>\n\n\n\n<p>\u00c0 partir de 1978, le ch\u00e2teau a connu une nouvelle renaissance \u00e0 l'\u00e9tage inf\u00e9rieur, \u00e0 l'initiative de la municipalit\u00e9 Fauquemont elle-m\u00eame, qui a d\u00e9cid\u00e9 d'y construire un \"palais de mariage romantique\", dans lequel le premier couple a \u00e9chang\u00e9 ses v\u0153ux de mariage le 26 ao\u00fbt 1978.<\/p>\n\n\n\n<p>En 2023, Ramona Koonings, propri\u00e9taire de la plus grande boutique de mariage au monde, a eu l'occasion de participer \u00e0 l'appel d'offres pour la vente de Kasteel Oost. Gr\u00e2ce \u00e0 un concept global \u00e9labor\u00e9 avec soin pour ce bien unique, elle remporte l'appel d'offres et devient propri\u00e9taire de Kasteel Oost en 2024.   <\/p>\n\n\n\n<p>Avec une superficie totale de 34 527 m\u00b2, le domaine offre d\u00e9sormais une exp\u00e9rience de conte de f\u00e9es aux visiteurs de Fauquemont et d'ailleurs. Avec un h\u00f4tel, un restaurant, un centre de bien-\u00eatre, un espace \u00e9v\u00e9nementiel, une boutique de mariage et une boutique pour hommes, Kasteel Oost est un lieu o\u00f9 les touristes, les invit\u00e9s, les entreprises, les futures mari\u00e9es et les familles sont s\u00e9duits par le charme du domaine. <\/p>\n\n\n\r\n<div class=\"eye-block empty-space empty-space--large pt-md-5 pb-md-5 pt-4 pb-4\" ><\/div><\/div><\/div>\n<\/div><\/div>\n\r\n<div class=\"eye-block photo-block\">\r\n    <div class=\"row g-6 mb-6 d-flex align-items-center\">\r\n        <div class=\"col-12 col-md-6\">\r\n            <div class=\"photo-block__image first\" data-speed=\"1.2\">\r\n                <img decoding=\"async\" src=\"https:\/\/staging.kasteeloostvalkenburg.com\/wp-content\/uploads\/2025\/03\/KOO_Aad_Valkenburg.jpeg\" alt=\"\">\r\n            <\/div>\r\n        <\/div>\r\n        <div class=\"col-12 col-md-6\">\r\n            <div class=\"photo-block__image second\" data-speed=\"1.5\">\r\n                <img decoding=\"async\" src=\"https:\/\/staging.kasteeloostvalkenburg.com\/wp-content\/uploads\/2025\/03\/Wit-Baron-van-Mettecoven-scaled.jpg\" alt=\"\">\r\n            <\/div>\r\n        <\/div>\r\n    <\/div>\r\n\r\n            <div class=\"w-100 d-flex justify-content-center\">\r\n            <div class=\"photo-block__image third\" data-speed=\"1.5\">\r\n                <img decoding=\"async\" src=\"https:\/\/staging.kasteeloostvalkenburg.com\/wp-content\/uploads\/2025\/03\/Koonings-Demi_s-Design-274-scaled.jpg\" alt=\"\">\r\n            <\/div>\r\n        <\/div>\r\n    <\/div>","protected":false},"excerpt":{"rendered":"","protected":false},"author":1,"featured_media":0,"parent":1480,"menu_order":0,"comment_status":"closed","ping_status":"closed","template":"","meta":{"_acf_changed":false,"ghostkit_customizer_options":"","ghostkit_custom_css":"","ghostkit_custom_js_head":"","ghostkit_custom_js_foot":"","ghostkit_typography":"","footnotes":""},"class_list":["post-1488","page","type-page","status-publish","hentry"],"acf":[],"yoast_head":"<!-- This site is optimized with the Yoast SEO plugin v26.2 - https:\/\/yoast.com\/wordpress\/plugins\/seo\/ -->\n<title>L&#039;histoire de Kasteel Oost | Fauquemont<\/title>\n<meta name=\"description\" content=\"D\u00e9couvrez l&#039;histoire de Kasteel Oost et Ramona Koonings. De l&#039;histoire ancienne \u00e0 un concept moderne.\" \/>\n<meta name=\"robots\" content=\"noindex, follow, max-snippet:-1, max-image-preview:large, max-video-preview:-1\" \/>\n<meta property=\"og:locale\" content=\"fr_FR\" \/>\n<meta property=\"og:type\" content=\"article\" \/>\n<meta property=\"og:title\" content=\"L&#039;histoire de Kasteel Oost | Fauquemont\" \/>\n<meta property=\"og:description\" content=\"D\u00e9couvrez l&#039;histoire de Kasteel Oost et Ramona Koonings. De l&#039;histoire ancienne \u00e0 un concept moderne.\" \/>\n<meta property=\"og:url\" content=\"https:\/\/staging.kasteeloostvalkenburg.com\/fr\/autre\/a-propos-de-nous\/\" \/>\n<meta property=\"og:site_name\" content=\"Kasteel Oost\" \/>\n<meta property=\"article:publisher\" content=\"https:\/\/www.facebook.com\/Kooningstheweddingpalace\" \/>\n<meta property=\"article:modified_time\" content=\"2025-08-28T11:43:45+00:00\" \/>\n<meta name=\"twitter:card\" content=\"summary_large_image\" \/>\n<meta name=\"twitter:label1\" content=\"Dur\u00e9e de lecture estim\u00e9e\" \/>\n\t<meta name=\"twitter:data1\" content=\"3 minutes\" \/>\n<script type=\"application\/ld+json\" class=\"yoast-schema-graph\">{\"@context\":\"https:\/\/schema.org\",\"@graph\":[{\"@type\":\"WebPage\",\"@id\":\"https:\/\/staging.kasteeloostvalkenburg.com\/fr\/autre\/a-propos-de-nous\/\",\"url\":\"https:\/\/staging.kasteeloostvalkenburg.com\/fr\/autre\/a-propos-de-nous\/\",\"name\":\"L'histoire de Kasteel Oost | Fauquemont\",\"isPartOf\":{\"@id\":\"https:\/\/staging.kasteeloostvalkenburg.com\/fr\/#website\"},\"datePublished\":\"2025-03-18T13:23:20+00:00\",\"dateModified\":\"2025-08-28T11:43:45+00:00\",\"description\":\"D\u00e9couvrez l'histoire de Kasteel Oost et Ramona Koonings. De l'histoire ancienne \u00e0 un concept moderne.\",\"breadcrumb\":{\"@id\":\"https:\/\/staging.kasteeloostvalkenburg.com\/fr\/autre\/a-propos-de-nous\/#breadcrumb\"},\"inLanguage\":\"fr-FR\",\"potentialAction\":[{\"@type\":\"ReadAction\",\"target\":[\"https:\/\/staging.kasteeloostvalkenburg.com\/fr\/autre\/a-propos-de-nous\/\"]}]},{\"@type\":\"BreadcrumbList\",\"@id\":\"https:\/\/staging.kasteeloostvalkenburg.com\/fr\/autre\/a-propos-de-nous\/#breadcrumb\",\"itemListElement\":[{\"@type\":\"ListItem\",\"position\":1,\"name\":\"Accueil\",\"item\":\"https:\/\/staging.kasteeloostvalkenburg.com\/fr\/\"},{\"@type\":\"ListItem\",\"position\":2,\"name\":\"Autre\",\"item\":\"https:\/\/staging.kasteeloostvalkenburg.com\/fr\/autre\/\"},{\"@type\":\"ListItem\",\"position\":3,\"name\":\"A propos de nous\"}]},{\"@type\":\"WebSite\",\"@id\":\"https:\/\/staging.kasteeloostvalkenburg.com\/fr\/#website\",\"url\":\"https:\/\/staging.kasteeloostvalkenburg.com\/fr\/\",\"name\":\"Kasteel Oost\",\"description\":\"\",\"publisher\":{\"@id\":\"https:\/\/staging.kasteeloostvalkenburg.com\/fr\/#organization\"},\"potentialAction\":[{\"@type\":\"SearchAction\",\"target\":{\"@type\":\"EntryPoint\",\"urlTemplate\":\"https:\/\/staging.kasteeloostvalkenburg.com\/fr\/?s={search_term_string}\"},\"query-input\":{\"@type\":\"PropertyValueSpecification\",\"valueRequired\":true,\"valueName\":\"search_term_string\"}}],\"inLanguage\":\"fr-FR\"},{\"@type\":\"Organization\",\"@id\":\"https:\/\/staging.kasteeloostvalkenburg.com\/fr\/#organization\",\"name\":\"Kasteel Oost\",\"url\":\"https:\/\/staging.kasteeloostvalkenburg.com\/fr\/\",\"logo\":{\"@type\":\"ImageObject\",\"inLanguage\":\"fr-FR\",\"@id\":\"https:\/\/staging.kasteeloostvalkenburg.com\/fr\/#\/schema\/logo\/image\/\",\"url\":\"https:\/\/staging.kasteeloostvalkenburg.com\/wp-content\/uploads\/2025\/04\/KasteelOost-logo-darkgray.png\",\"contentUrl\":\"https:\/\/staging.kasteeloostvalkenburg.com\/wp-content\/uploads\/2025\/04\/KasteelOost-logo-darkgray.png\",\"width\":413,\"height\":318,\"caption\":\"Kasteel Oost\"},\"image\":{\"@id\":\"https:\/\/staging.kasteeloostvalkenburg.com\/fr\/#\/schema\/logo\/image\/\"},\"sameAs\":[\"https:\/\/www.facebook.com\/Kooningstheweddingpalace\",\"https:\/\/www.instagram.com\/kasteeloost\/\",\"https:\/\/www.tiktok.com\/@kooningstheweddingpalace\",\"https:\/\/nl.pinterest.com\/koonings\/\"]}]}<\/script>\n<!-- \/ Yoast SEO plugin. -->","yoast_head_json":{"title":"L'histoire de Kasteel Oost | Fauquemont","description":"D\u00e9couvrez l'histoire de Kasteel Oost et Ramona Koonings. De l'histoire ancienne \u00e0 un concept moderne.","robots":{"index":"noindex","follow":"follow","max-snippet":"max-snippet:-1","max-image-preview":"max-image-preview:large","max-video-preview":"max-video-preview:-1"},"og_locale":"fr_FR","og_type":"article","og_title":"L'histoire de Kasteel Oost | Fauquemont","og_description":"D\u00e9couvrez l'histoire de Kasteel Oost et Ramona Koonings. De l'histoire ancienne \u00e0 un concept moderne.","og_url":"https:\/\/staging.kasteeloostvalkenburg.com\/fr\/autre\/a-propos-de-nous\/","og_site_name":"Kasteel Oost","article_publisher":"https:\/\/www.facebook.com\/Kooningstheweddingpalace","article_modified_time":"2025-08-28T11:43:45+00:00","twitter_card":"summary_large_image","twitter_misc":{"Dur\u00e9e de lecture estim\u00e9e":"3 minutes"},"schema":{"@context":"https:\/\/schema.org","@graph":[{"@type":"WebPage","@id":"https:\/\/staging.kasteeloostvalkenburg.com\/fr\/autre\/a-propos-de-nous\/","url":"https:\/\/staging.kasteeloostvalkenburg.com\/fr\/autre\/a-propos-de-nous\/","name":"L'histoire de Kasteel Oost | Fauquemont","isPartOf":{"@id":"https:\/\/staging.kasteeloostvalkenburg.com\/fr\/#website"},"datePublished":"2025-03-18T13:23:20+00:00","dateModified":"2025-08-28T11:43:45+00:00","description":"D\u00e9couvrez l'histoire de Kasteel Oost et Ramona Koonings. De l'histoire ancienne \u00e0 un concept moderne.","breadcrumb":{"@id":"https:\/\/staging.kasteeloostvalkenburg.com\/fr\/autre\/a-propos-de-nous\/#breadcrumb"},"inLanguage":"fr-FR","potentialAction":[{"@type":"ReadAction","target":["https:\/\/staging.kasteeloostvalkenburg.com\/fr\/autre\/a-propos-de-nous\/"]}]},{"@type":"BreadcrumbList","@id":"https:\/\/staging.kasteeloostvalkenburg.com\/fr\/autre\/a-propos-de-nous\/#breadcrumb","itemListElement":[{"@type":"ListItem","position":1,"name":"Accueil","item":"https:\/\/staging.kasteeloostvalkenburg.com\/fr\/"},{"@type":"ListItem","position":2,"name":"Autre","item":"https:\/\/staging.kasteeloostvalkenburg.com\/fr\/autre\/"},{"@type":"ListItem","position":3,"name":"A propos de nous"}]},{"@type":"WebSite","@id":"https:\/\/staging.kasteeloostvalkenburg.com\/fr\/#website","url":"https:\/\/staging.kasteeloostvalkenburg.com\/fr\/","name":"Kasteel Oost","description":"","publisher":{"@id":"https:\/\/staging.kasteeloostvalkenburg.com\/fr\/#organization"},"potentialAction":[{"@type":"SearchAction","target":{"@type":"EntryPoint","urlTemplate":"https:\/\/staging.kasteeloostvalkenburg.com\/fr\/?s={search_term_string}"},"query-input":{"@type":"PropertyValueSpecification","valueRequired":true,"valueName":"search_term_string"}}],"inLanguage":"fr-FR"},{"@type":"Organization","@id":"https:\/\/staging.kasteeloostvalkenburg.com\/fr\/#organization","name":"Kasteel Oost","url":"https:\/\/staging.kasteeloostvalkenburg.com\/fr\/","logo":{"@type":"ImageObject","inLanguage":"fr-FR","@id":"https:\/\/staging.kasteeloostvalkenburg.com\/fr\/#\/schema\/logo\/image\/","url":"https:\/\/staging.kasteeloostvalkenburg.com\/wp-content\/uploads\/2025\/04\/KasteelOost-logo-darkgray.png","contentUrl":"https:\/\/staging.kasteeloostvalkenburg.com\/wp-content\/uploads\/2025\/04\/KasteelOost-logo-darkgray.png","width":413,"height":318,"caption":"Kasteel Oost"},"image":{"@id":"https:\/\/staging.kasteeloostvalkenburg.com\/fr\/#\/schema\/logo\/image\/"},"sameAs":["https:\/\/www.facebook.com\/Kooningstheweddingpalace","https:\/\/www.instagram.com\/kasteeloost\/","https:\/\/www.tiktok.com\/@kooningstheweddingpalace","https:\/\/nl.pinterest.com\/koonings\/"]}]}},"_links":{"self":[{"href":"https:\/\/staging.kasteeloostvalkenburg.com\/fr\/wp-json\/wp\/v2\/pages\/1488","targetHints":{"allow":["GET"]}}],"collection":[{"href":"https:\/\/staging.kasteeloostvalkenburg.com\/fr\/wp-json\/wp\/v2\/pages"}],"about":[{"href":"https:\/\/staging.kasteeloostvalkenburg.com\/fr\/wp-json\/wp\/v2\/types\/page"}],"author":[{"embeddable":true,"href":"https:\/\/staging.kasteeloostvalkenburg.com\/fr\/wp-json\/wp\/v2\/users\/1"}],"replies":[{"embeddable":true,"href":"https:\/\/staging.kasteeloostvalkenburg.com\/fr\/wp-json\/wp\/v2\/comments?post=1488"}],"version-history":[{"count":11,"href":"https:\/\/staging.kasteeloostvalkenburg.com\/fr\/wp-json\/wp\/v2\/pages\/1488\/revisions"}],"predecessor-version":[{"id":3630,"href":"https:\/\/staging.kasteeloostvalkenburg.com\/fr\/wp-json\/wp\/v2\/pages\/1488\/revisions\/3630"}],"up":[{"embeddable":true,"href":"https:\/\/staging.kasteeloostvalkenburg.com\/fr\/wp-json\/wp\/v2\/pages\/1480"}],"wp:attachment":[{"href":"https:\/\/staging.kasteeloostvalkenburg.com\/fr\/wp-json\/wp\/v2\/media?parent=1488"}],"curies":[{"name":"wp","href":"https:\/\/api.w.org\/{rel}","templated":true}]}}