{"id":1482,"date":"2025-03-18T13:23:50","date_gmt":"2025-03-18T13:23:50","guid":{"rendered":"https:\/\/kasteeloostvalkenburg.com\/autre\/contact\/"},"modified":"2025-07-30T09:14:28","modified_gmt":"2025-07-30T09:14:28","slug":"contact","status":"publish","type":"page","link":"https:\/\/staging.kasteeloostvalkenburg.com\/fr\/autre\/contact\/","title":{"rendered":"Contact"},"content":{"rendered":"\r\n    <section class=\"hero image-right\">\r\n        <div class=\"row d-flex align-items-center\">\r\n            <div class=\"col-12 col-lg-7\">\r\n                <div class=\"hero__intro\">\r\n                                            <div class=\"eye-block breadcrumbs-wrapper\">\r\n                            \r\n            <ul class=\"site-breadcrumbs\">\r\n                <li class=\"crumb\">\r\n                    <a class=\"disable-line\" href=\"https:\/\/staging.kasteeloostvalkenburg.com\">\r\n                        <i class=\"fa-regular fa-home\"><\/i>\r\n                    <\/a>\r\n                <\/li>\r\n                                    <div class=\"divider\"><\/div>\r\n                    <li class=\"crumb first\">\r\n                        <a class=\"disable-line\" href=\"https:\/\/staging.kasteeloostvalkenburg.com\/fr\/autre\/\">Autre<\/a>\r\n                    <\/li>\r\n                                        <div class=\"divider\"><\/div>\r\n                    <li class=\"crumb \">\r\n                        <a class=\"disable-line\" href=\"https:\/\/staging.kasteeloostvalkenburg.com\/fr\/autre\/contact\/\">Contact<\/a>\r\n                    <\/li>\r\n                                <\/ul>\r\n        \r\n                                        <\/div>\r\n                                        <p class=\"hero__intro-subtitle\">Contact<\/p>\r\n                    <h1>Contact Kasteel Oost<\/h1>\r\n                    <div class=\"hero__intro-content\">\r\n                        <p><p>Vous avez des questions sur notre site, nos forfaits ou vous souhaitez faire une r\u00e9servation ? Nous sommes l\u00e0 pour vous aider ! Que vous planifiez un \u00e9v\u00e9nement, que vous souhaitiez en savoir plus sur nos installations ou que vous vouliez simplement venir jeter un coup d&rsquo;\u0153il, notre \u00e9quipe est l\u00e0 pour vous aider.  <\/p>\n<\/p>\r\n\r\n                        \r\n                    <\/div>\r\n                <\/div>\r\n            <\/div>\r\n            <div class=\"col-12 col-lg-5\">\r\n                                    <div class=\"hero__image\">\r\n                        <img decoding=\"async\" src=\"https:\/\/staging.kasteeloostvalkenburg.com\/wp-content\/uploads\/2025\/03\/rijksmonument_36828_kasteel_oost_valkenburg_0-scaled-e1720178932176.png\" alt=\"\">\r\n                    <\/div>\r\n                            <\/div>\r\n        <\/div>\r\n    <\/section>\r\n\r\n\r\n<div class=\"eye-block empty-space empty-space--large pt-md-5 pb-md-5 pt-4 pb-4\" ><\/div>\n<div class=\"ghostkit-grid ghostkit-grid-gap-md ghostkit-grid-justify-content-center equal-height-columns\"><div class=\"ghostkit-grid-inner\">\n<div class=\"ghostkit-col ghostkit-col-md-12 ghostkit-col-4\"><div class=\"ghostkit-col-content is-layout-flow wp-block-grid-column-is-layout-flow\">\r\n<div class=\"eye-block custom-card bg--lightbeige\">\r\n    <div class=\"custom-card__content\">\r\n        <div class=\"acf-innerblocks-container\">\n\n<h5 class=\"wp-block-heading\" id=\"kasteel-oost-valkenburg\"><strong>Kasteel Oost, Fauquemont<\/strong><\/h5>\n\n\n\r\n<div class=\"eye-block empty-space empty-space--custom \" style=\"height: .5rem\"><\/div>\n\n\n<ul class=\"wp-block-list\">\n<li>Oosterweg 36<\/li>\n\n\n\n<li>6301 PX Fauquemont<\/li>\n\n\n\n<li>Pays-Bas<\/li>\n<\/ul>\n\n\n\n<p><a href=\"https:\/\/maps.app.goo.gl\/bsgBU93DXcirLdhg6\" data-type=\"link\" data-id=\"https:\/\/maps.app.goo.gl\/bsgBU93DXcirLdhg6\" target=\"_blank\" rel=\"noreferrer noopener\">Directions<\/a><\/p>\n\n<\/div>\r\n    <\/div>\r\n    <\/div><\/div><\/div>\n\n\n\n<div class=\"ghostkit-col ghostkit-col-md-12 ghostkit-col-4\"><div class=\"ghostkit-col-content is-layout-flow wp-block-grid-column-is-layout-flow\">\n<div class=\"ghostkit-google-maps m-0\" style=\"min-height:350px\" data-lat=\"50.86497472692648\" data-lng=\"5.841822309893394\" data-zoom=\"10\" data-show-zoom-buttons=\"true\" data-show-map-type-buttons=\"true\" data-show-street-view-button=\"true\" data-show-fullscreen-button=\"true\" data-option-scroll-wheel=\"true\" data-option-draggable=\"true\" data-styles=\"\"><div class=\"ghostkit-google-maps-marker\" data-title=\"Kasteel Oost\" data-lat=\"50.8620043\" data-lng=\"5.841919499999999\" data-address=\"Oost, Oosterweg 36, 6301 PX Valkenburg, Nederland\"><\/div><\/div>\n<\/div><\/div>\n<\/div><\/div>\n\r\n<div class=\"eye-block empty-space empty-space--large pt-md-5 pb-md-5 pt-4 pb-4\" ><\/div>\n<h3 class=\"wp-block-heading has-text-align-center\" id=\"contact\">Contact<\/h3>\n\r\n<div class=\"eye-block empty-space empty-space--petit \" ><\/div>\n<div class=\"ghostkit-grid ghostkit-grid-gap-md ghostkit-grid-justify-content-center equal-height-columns\"><div class=\"ghostkit-grid-inner\">\n<div class=\"ghostkit-col ghostkit-col-md-12 ghostkit-col-lg-6 ghostkit-col-xl-6 ghostkit-col-4\"><div class=\"ghostkit-col-content is-layout-flow wp-block-grid-column-is-layout-flow\">\r\n<div class=\"eye-block custom-card bg--lightbeige\">\r\n    <div class=\"custom-card__content\">\r\n        <div class=\"acf-innerblocks-container\">\n\n<h5 class=\"wp-block-heading no-fancy-letter\" id=\"kasteel-oost-valkenburg\"><strong>Kasteel Oost<\/strong><\/h5>\n\n\n\r\n<div class=\"eye-block empty-space empty-space--custom \" style=\"height: .5rem\"><\/div>\n\n\n<p><strong>Contact<\/strong><\/p>\n\n\n\n<ul class=\"wp-block-list\">\n<li><a href=\"mailto:info@monrevevalkenburg.com\"><\/a><a href=\"mailto:info@kasteeloostvalkenburg.com\">info@kasteeloostvalkenburg.com<\/a><\/li>\n\n\n\n<li>+31 (0)432 &#8211; 005 127<\/li>\n<\/ul>\n\n<\/div>\r\n    <\/div>\r\n    <\/div><\/div><\/div>\n\n\n\n<div class=\"ghostkit-col ghostkit-col-md-12 ghostkit-col-lg-6 ghostkit-col-xl-6 ghostkit-col-4\"><div class=\"ghostkit-col-content is-layout-flow wp-block-grid-column-is-layout-flow\">\r\n<div class=\"eye-block custom-card bg--lightbeige\">\r\n    <div class=\"custom-card__content\">\r\n        <div class=\"acf-innerblocks-container\">\n\n<h5 class=\"wp-block-heading no-fancy-letter\" id=\"kasteel-oost-valkenburg\"><strong>Restaurant Mon R\u00eave<\/strong><\/h5>\n\n\n\r\n<div class=\"eye-block empty-space empty-space--custom \" style=\"height: .5rem\"><\/div>\n\n\n<p><strong>Contact<\/strong><\/p>\n\n\n\n<ul class=\"wp-block-list\">\n<li><a href=\"mailto:info@monrevevalkenburg.com\">info@monrevevalkenburg.com<\/a><\/li>\n\n\n\n<li>+31 (0)432 &#8211; 050 292<\/li>\n<\/ul>\n\n\n\n<p><strong>Heures d&rsquo;ouverture<\/strong><\/p>\n\n\n\n<ul class=\"wp-block-list m-0\">\n<li class=\"m-0\">Du lundi au vendredi : 12h00 &#8211; 00h00<\/li>\n\n\n\n<li>Samedi et dimanche : 10.00 &#8211; 00.00<\/li>\n<\/ul>\n\n<\/div>\r\n    <\/div>\r\n    <\/div><\/div><\/div>\n\n\n\n<div class=\"ghostkit-col ghostkit-col-md-12 ghostkit-col-lg-6 ghostkit-col-xl-6 ghostkit-col-4\"><div class=\"ghostkit-col-content is-layout-flow wp-block-grid-column-is-layout-flow\">\r\n<div class=\"eye-block custom-card bg--lightbeige\">\r\n    <div class=\"custom-card__content\">\r\n        <div class=\"acf-innerblocks-container\">\n\n<h5 class=\"wp-block-heading no-fancy-letter\" id=\"kasteel-oost-valkenburg\"><strong>Ev\u00e9nements Kasteel Oost<\/strong><\/h5>\n\n\n\r\n<div class=\"eye-block empty-space empty-space--custom \" style=\"height: .5rem\"><\/div>\n\n\n<p><strong>Contact<\/strong><\/p>\n\n\n\n<ul class=\"wp-block-list\">\n<li><a href=\"mailto:info@koonings.com\"><\/a><a href=\"mailto:events@kasteeloostvalkenburg.com\">events@kasteeloostvalkenburg.com<\/a><\/li>\n\n\n\n<li>+31 (0)493 &#8211; 313 220<\/li>\n<\/ul>\n\n\n\n<p><strong>Heures d&rsquo;ouverture<\/strong><\/p>\n\n\n\n<p>Sur demande<\/p>\n\n<\/div>\r\n    <\/div>\r\n    <\/div><\/div><\/div>\n\n\n\n<div class=\"ghostkit-col ghostkit-col-md-12 ghostkit-col-lg-6 ghostkit-col-xl-6 ghostkit-col-4 ghostkit-col-3\"><div class=\"ghostkit-col-content is-layout-flow wp-block-grid-column-is-layout-flow\">\r\n<div class=\"eye-block custom-card bg--lightbeige\">\r\n    <div class=\"custom-card__content\">\r\n        <div class=\"acf-innerblocks-container\">\n\n<h5 class=\"wp-block-heading no-fancy-letter\" id=\"kasteel-oost-valkenburg\"><strong>Koonings Bridalwear Fauquemont<\/strong><\/h5>\n\n\n\r\n<div class=\"eye-block empty-space empty-space--custom \" style=\"height: .5rem\"><\/div>\n\n\n<p><strong>Contact<\/strong><\/p>\n\n\n\n<ul class=\"wp-block-list\">\n<li><a href=\"mailto:info@koonings.com\">info@koonings.com<\/a> <\/li>\n\n\n\n<li>+31 (0)432 &#8211; 050 291<\/li>\n<\/ul>\n\n\n\n<p class=\"m-0\"><strong>Heures d&rsquo;ouverture<\/strong><\/p>\n\n\n\n<p class=\"m-0\">Du lundi au samedi : de 10 h \u00e0 17 h 30<\/p>\n\n\n\n<p class=\"m-0\">Dimanche : 11.00 -16.00<\/p>\n\n<\/div>\r\n    <\/div>\r\n    <\/div><\/div><\/div>\n\n\n\n<div class=\"ghostkit-col ghostkit-col-md-12 ghostkit-col-lg-6 ghostkit-col-xl-6 ghostkit-col-4 ghostkit-col-3\"><div class=\"ghostkit-col-content is-layout-flow wp-block-grid-column-is-layout-flow\">\r\n<div class=\"eye-block custom-card bg--lightbeige\">\r\n    <div class=\"custom-card__content\">\r\n        <div class=\"acf-innerblocks-container\">\n\n<h5 class=\"wp-block-heading no-fancy-letter\" id=\"kasteel-oost-valkenburg\"><strong>H\u00f4tel Kasteel Oost<\/strong><\/h5>\n\n\n\r\n<div class=\"eye-block empty-space empty-space--custom \" style=\"height: .5rem\"><\/div>\n\n\n<p><strong>Contact<\/strong><\/p>\n\n\n\n<ul class=\"wp-block-list\">\n<li><a href=\"mailto:info@kasteeloostvalkenburg.com\">info@kasteeloostvalkenburg.com<\/a><\/li>\n\n\n\n<li>+31 (0)432 &#8211; 005 127<\/li>\n<\/ul>\n\n<\/div>\r\n    <\/div>\r\n    <\/div><\/div><\/div>\n<\/div><\/div>\n\r\n<div class=\"eye-block empty-space empty-space--large pt-md-5 pb-md-5 pt-4 pb-4\" ><\/div>\r\n    <div class=\"eye-block contentblock fade-in-animation\">\r\n        <div class=\"contentblock__image-right__container\">\r\n            <div class=\"contentblock__image-right\">\r\n                <div class=\"row\">\r\n                    <div class=\"col-12 col-lg-7 p-lg-1 d-flex align-items-center\">\r\n                        <div class=\"contentblock__image-right__content\">\r\n                                                        <h2>Presse, m\u00e9dias et collaborations<\/h2>\r\n                            <div class=\"contentblock__image-right__content-text\">\r\n                                <p>Pour les interviews, les communiqu\u00e9s de presse, les collaborations et les demandes g\u00e9n\u00e9rales des m\u00e9dias, veuillez nous contacter \u00e0 l&rsquo;adresse suivante <span class=\"no-capital-letters\"><a href=\"mailto:marketing@koonings.com\">marketing@koonings.com<\/a><\/span>. Nous serons heureux de vous fournir des informations sur Kasteel Oost, des demandes de presse et des informations d&rsquo;actualit\u00e9. <\/p>\n<p><strong>D\u00e9lai de r\u00e9ponse<\/strong><\/p>\n<p>Nous nous effor\u00e7ons de r\u00e9pondre aux demandes de presse et de collaboration dans un d\u00e9lai de 3 jours ouvrables. Pour les demandes urgentes, veuillez le mentionner dans l&rsquo;objet de votre e-mail afin que nous puissions y r\u00e9pondre imm\u00e9diatement. <\/p>\n                            <\/div>\r\n\r\n                            \r\n                        <\/div>\r\n                    <\/div>\r\n                    <div class=\"col-12 col-lg-5 p-lg-1\">\r\n                        <div class=\"contentblock__image-right__image\">\r\n                            <img decoding=\"async\" data-speed=\"1.5\" src=\"https:\/\/staging.kasteeloostvalkenburg.com\/wp-content\/uploads\/2025\/03\/Koonings-Demi_s-Design-261-scaled.jpg\" alt=\"\">\r\n                        <\/div>\r\n                    <\/div>\r\n                <\/div>\r\n            <\/div>\r\n        <\/div>\r\n    <\/div>\r\n\r\n","protected":false},"excerpt":{"rendered":"<p>Contact<\/p>\n","protected":false},"author":1,"featured_media":0,"parent":1480,"menu_order":0,"comment_status":"closed","ping_status":"closed","template":"","meta":{"_acf_changed":false,"ghostkit_customizer_options":"","ghostkit_custom_css":"","ghostkit_custom_js_head":"","ghostkit_custom_js_foot":"","ghostkit_typography":"","footnotes":""},"class_list":["post-1482","page","type-page","status-publish","hentry"],"acf":[],"yoast_head":"<!-- This site is optimized with the Yoast SEO plugin v26.2 - https:\/\/yoast.com\/wordpress\/plugins\/seo\/ -->\n<title>Contact Kasteel Oost | Fauquemont<\/title>\n<meta name=\"description\" content=\"Vous avez des questions sur nos services ou vous souhaitez organiser une visite ? Il vous suffit de contacter Kasteel Oost. Nous nous ferons un plaisir de vous aider !\" \/>\n<meta name=\"robots\" content=\"noindex, follow, max-snippet:-1, max-image-preview:large, max-video-preview:-1\" \/>\n<meta property=\"og:locale\" content=\"fr_FR\" \/>\n<meta property=\"og:type\" content=\"article\" \/>\n<meta property=\"og:title\" content=\"Contact Kasteel Oost | Fauquemont\" \/>\n<meta property=\"og:description\" content=\"Vous avez des questions sur nos services ou vous souhaitez organiser une visite ? Il vous suffit de contacter Kasteel Oost. Nous nous ferons un plaisir de vous aider !\" \/>\n<meta property=\"og:url\" content=\"https:\/\/staging.kasteeloostvalkenburg.com\/fr\/autre\/contact\/\" \/>\n<meta property=\"og:site_name\" content=\"Kasteel Oost\" \/>\n<meta property=\"article:publisher\" content=\"https:\/\/www.facebook.com\/Kooningstheweddingpalace\" \/>\n<meta property=\"article:modified_time\" content=\"2025-07-30T09:14:28+00:00\" \/>\n<meta name=\"twitter:card\" content=\"summary_large_image\" \/>\n<script type=\"application\/ld+json\" class=\"yoast-schema-graph\">{\"@context\":\"https:\/\/schema.org\",\"@graph\":[{\"@type\":\"WebPage\",\"@id\":\"https:\/\/staging.kasteeloostvalkenburg.com\/fr\/autre\/contact\/\",\"url\":\"https:\/\/staging.kasteeloostvalkenburg.com\/fr\/autre\/contact\/\",\"name\":\"Contact Kasteel Oost | Fauquemont\",\"isPartOf\":{\"@id\":\"https:\/\/staging.kasteeloostvalkenburg.com\/fr\/#website\"},\"datePublished\":\"2025-03-18T13:23:50+00:00\",\"dateModified\":\"2025-07-30T09:14:28+00:00\",\"description\":\"Vous avez des questions sur nos services ou vous souhaitez organiser une visite ? Il vous suffit de contacter Kasteel Oost. Nous nous ferons un plaisir de vous aider !\",\"breadcrumb\":{\"@id\":\"https:\/\/staging.kasteeloostvalkenburg.com\/fr\/autre\/contact\/#breadcrumb\"},\"inLanguage\":\"fr-FR\",\"potentialAction\":[{\"@type\":\"ReadAction\",\"target\":[\"https:\/\/staging.kasteeloostvalkenburg.com\/fr\/autre\/contact\/\"]}]},{\"@type\":\"BreadcrumbList\",\"@id\":\"https:\/\/staging.kasteeloostvalkenburg.com\/fr\/autre\/contact\/#breadcrumb\",\"itemListElement\":[{\"@type\":\"ListItem\",\"position\":1,\"name\":\"Accueil\",\"item\":\"https:\/\/staging.kasteeloostvalkenburg.com\/fr\/\"},{\"@type\":\"ListItem\",\"position\":2,\"name\":\"Autre\",\"item\":\"https:\/\/staging.kasteeloostvalkenburg.com\/fr\/autre\/\"},{\"@type\":\"ListItem\",\"position\":3,\"name\":\"Contact\"}]},{\"@type\":\"WebSite\",\"@id\":\"https:\/\/staging.kasteeloostvalkenburg.com\/fr\/#website\",\"url\":\"https:\/\/staging.kasteeloostvalkenburg.com\/fr\/\",\"name\":\"Kasteel Oost\",\"description\":\"\",\"publisher\":{\"@id\":\"https:\/\/staging.kasteeloostvalkenburg.com\/fr\/#organization\"},\"potentialAction\":[{\"@type\":\"SearchAction\",\"target\":{\"@type\":\"EntryPoint\",\"urlTemplate\":\"https:\/\/staging.kasteeloostvalkenburg.com\/fr\/?s={search_term_string}\"},\"query-input\":{\"@type\":\"PropertyValueSpecification\",\"valueRequired\":true,\"valueName\":\"search_term_string\"}}],\"inLanguage\":\"fr-FR\"},{\"@type\":\"Organization\",\"@id\":\"https:\/\/staging.kasteeloostvalkenburg.com\/fr\/#organization\",\"name\":\"Kasteel Oost\",\"url\":\"https:\/\/staging.kasteeloostvalkenburg.com\/fr\/\",\"logo\":{\"@type\":\"ImageObject\",\"inLanguage\":\"fr-FR\",\"@id\":\"https:\/\/staging.kasteeloostvalkenburg.com\/fr\/#\/schema\/logo\/image\/\",\"url\":\"https:\/\/staging.kasteeloostvalkenburg.com\/wp-content\/uploads\/2025\/04\/KasteelOost-logo-darkgray.png\",\"contentUrl\":\"https:\/\/staging.kasteeloostvalkenburg.com\/wp-content\/uploads\/2025\/04\/KasteelOost-logo-darkgray.png\",\"width\":413,\"height\":318,\"caption\":\"Kasteel Oost\"},\"image\":{\"@id\":\"https:\/\/staging.kasteeloostvalkenburg.com\/fr\/#\/schema\/logo\/image\/\"},\"sameAs\":[\"https:\/\/www.facebook.com\/Kooningstheweddingpalace\",\"https:\/\/www.instagram.com\/kasteeloost\/\",\"https:\/\/www.tiktok.com\/@kooningstheweddingpalace\",\"https:\/\/nl.pinterest.com\/koonings\/\"]}]}<\/script>\n<!-- \/ Yoast SEO plugin. -->","yoast_head_json":{"title":"Contact Kasteel Oost | Fauquemont","description":"Vous avez des questions sur nos services ou vous souhaitez organiser une visite ? Il vous suffit de contacter Kasteel Oost. Nous nous ferons un plaisir de vous aider !","robots":{"index":"noindex","follow":"follow","max-snippet":"max-snippet:-1","max-image-preview":"max-image-preview:large","max-video-preview":"max-video-preview:-1"},"og_locale":"fr_FR","og_type":"article","og_title":"Contact Kasteel Oost | Fauquemont","og_description":"Vous avez des questions sur nos services ou vous souhaitez organiser une visite ? Il vous suffit de contacter Kasteel Oost. Nous nous ferons un plaisir de vous aider !","og_url":"https:\/\/staging.kasteeloostvalkenburg.com\/fr\/autre\/contact\/","og_site_name":"Kasteel Oost","article_publisher":"https:\/\/www.facebook.com\/Kooningstheweddingpalace","article_modified_time":"2025-07-30T09:14:28+00:00","twitter_card":"summary_large_image","schema":{"@context":"https:\/\/schema.org","@graph":[{"@type":"WebPage","@id":"https:\/\/staging.kasteeloostvalkenburg.com\/fr\/autre\/contact\/","url":"https:\/\/staging.kasteeloostvalkenburg.com\/fr\/autre\/contact\/","name":"Contact Kasteel Oost | Fauquemont","isPartOf":{"@id":"https:\/\/staging.kasteeloostvalkenburg.com\/fr\/#website"},"datePublished":"2025-03-18T13:23:50+00:00","dateModified":"2025-07-30T09:14:28+00:00","description":"Vous avez des questions sur nos services ou vous souhaitez organiser une visite ? Il vous suffit de contacter Kasteel Oost. Nous nous ferons un plaisir de vous aider !","breadcrumb":{"@id":"https:\/\/staging.kasteeloostvalkenburg.com\/fr\/autre\/contact\/#breadcrumb"},"inLanguage":"fr-FR","potentialAction":[{"@type":"ReadAction","target":["https:\/\/staging.kasteeloostvalkenburg.com\/fr\/autre\/contact\/"]}]},{"@type":"BreadcrumbList","@id":"https:\/\/staging.kasteeloostvalkenburg.com\/fr\/autre\/contact\/#breadcrumb","itemListElement":[{"@type":"ListItem","position":1,"name":"Accueil","item":"https:\/\/staging.kasteeloostvalkenburg.com\/fr\/"},{"@type":"ListItem","position":2,"name":"Autre","item":"https:\/\/staging.kasteeloostvalkenburg.com\/fr\/autre\/"},{"@type":"ListItem","position":3,"name":"Contact"}]},{"@type":"WebSite","@id":"https:\/\/staging.kasteeloostvalkenburg.com\/fr\/#website","url":"https:\/\/staging.kasteeloostvalkenburg.com\/fr\/","name":"Kasteel Oost","description":"","publisher":{"@id":"https:\/\/staging.kasteeloostvalkenburg.com\/fr\/#organization"},"potentialAction":[{"@type":"SearchAction","target":{"@type":"EntryPoint","urlTemplate":"https:\/\/staging.kasteeloostvalkenburg.com\/fr\/?s={search_term_string}"},"query-input":{"@type":"PropertyValueSpecification","valueRequired":true,"valueName":"search_term_string"}}],"inLanguage":"fr-FR"},{"@type":"Organization","@id":"https:\/\/staging.kasteeloostvalkenburg.com\/fr\/#organization","name":"Kasteel Oost","url":"https:\/\/staging.kasteeloostvalkenburg.com\/fr\/","logo":{"@type":"ImageObject","inLanguage":"fr-FR","@id":"https:\/\/staging.kasteeloostvalkenburg.com\/fr\/#\/schema\/logo\/image\/","url":"https:\/\/staging.kasteeloostvalkenburg.com\/wp-content\/uploads\/2025\/04\/KasteelOost-logo-darkgray.png","contentUrl":"https:\/\/staging.kasteeloostvalkenburg.com\/wp-content\/uploads\/2025\/04\/KasteelOost-logo-darkgray.png","width":413,"height":318,"caption":"Kasteel Oost"},"image":{"@id":"https:\/\/staging.kasteeloostvalkenburg.com\/fr\/#\/schema\/logo\/image\/"},"sameAs":["https:\/\/www.facebook.com\/Kooningstheweddingpalace","https:\/\/www.instagram.com\/kasteeloost\/","https:\/\/www.tiktok.com\/@kooningstheweddingpalace","https:\/\/nl.pinterest.com\/koonings\/"]}]}},"_links":{"self":[{"href":"https:\/\/staging.kasteeloostvalkenburg.com\/fr\/wp-json\/wp\/v2\/pages\/1482","targetHints":{"allow":["GET"]}}],"collection":[{"href":"https:\/\/staging.kasteeloostvalkenburg.com\/fr\/wp-json\/wp\/v2\/pages"}],"about":[{"href":"https:\/\/staging.kasteeloostvalkenburg.com\/fr\/wp-json\/wp\/v2\/types\/page"}],"author":[{"embeddable":true,"href":"https:\/\/staging.kasteeloostvalkenburg.com\/fr\/wp-json\/wp\/v2\/users\/1"}],"replies":[{"embeddable":true,"href":"https:\/\/staging.kasteeloostvalkenburg.com\/fr\/wp-json\/wp\/v2\/comments?post=1482"}],"version-history":[{"count":17,"href":"https:\/\/staging.kasteeloostvalkenburg.com\/fr\/wp-json\/wp\/v2\/pages\/1482\/revisions"}],"predecessor-version":[{"id":3564,"href":"https:\/\/staging.kasteeloostvalkenburg.com\/fr\/wp-json\/wp\/v2\/pages\/1482\/revisions\/3564"}],"up":[{"embeddable":true,"href":"https:\/\/staging.kasteeloostvalkenburg.com\/fr\/wp-json\/wp\/v2\/pages\/1480"}],"wp:attachment":[{"href":"https:\/\/staging.kasteeloostvalkenburg.com\/fr\/wp-json\/wp\/v2\/media?parent=1482"}],"curies":[{"name":"wp","href":"https:\/\/api.w.org\/{rel}","templated":true}]}}