{"id":1480,"date":"2025-03-18T13:23:05","date_gmt":"2025-03-18T13:23:05","guid":{"rendered":"https:\/\/kasteeloostvalkenburg.com\/autre\/"},"modified":"2025-05-06T08:53:51","modified_gmt":"2025-05-06T08:53:51","slug":"autre","status":"publish","type":"page","link":"https:\/\/staging.kasteeloostvalkenburg.com\/fr\/autre\/","title":{"rendered":"Autre"},"content":{"rendered":"\r\n    <section class=\"hero image-right\">\r\n        <div class=\"row d-flex align-items-center\">\r\n            <div class=\"col-12 col-lg-7\">\r\n                <div class=\"hero__intro\">\r\n                                            <div class=\"eye-block breadcrumbs-wrapper\">\r\n                            \r\n            <ul class=\"site-breadcrumbs\">\r\n                <li class=\"crumb\">\r\n                    <a class=\"disable-line\" href=\"https:\/\/staging.kasteeloostvalkenburg.com\">\r\n                        <i class=\"fa-regular fa-home\"><\/i>\r\n                    <\/a>\r\n                <\/li>\r\n                                    <div class=\"divider\"><\/div>\r\n                    <li class=\"crumb first\">\r\n                        <a class=\"disable-line\" href=\"https:\/\/staging.kasteeloostvalkenburg.com\/fr\/autre\/\">Autre<\/a>\r\n                    <\/li>\r\n                                        <div class=\"divider\"><\/div>\r\n                    <li class=\"crumb \">\r\n                        <a class=\"disable-line\" href=\"https:\/\/staging.kasteeloostvalkenburg.com\/fr\/autre\/travailler-a\/\">Travailler \u00e0<\/a>\r\n                    <\/li>\r\n                                <\/ul>\r\n        \r\n                                        <\/div>\r\n                                        <p class=\"hero__intro-subtitle\">Autre<\/p>\r\n                    <h1>D\u00e9couvrez tout sur Kasteel Oost<\/h1>\r\n                    <div class=\"hero__intro-content\">\r\n                        <p><p>Outre notre emplacement privil\u00e9gi\u00e9, nous vous proposons bien d&rsquo;autres choses. Apprenez \u00e0 mieux nous conna\u00eetre, d\u00e9couvrez les possibilit\u00e9s de carri\u00e8re ou trouvez rapidement les r\u00e9ponses \u00e0 vos questions. <\/p>\n<div class=\"subpage-links-block\"><a class=\"btn btn-primary me-2 mb-2\" href=\"https:\/\/staging.kasteeloostvalkenburg.com\/fr\/autre\/contact\/\">Contact<\/a><a class=\"btn btn-primary me-2 mb-2\" href=\"https:\/\/staging.kasteeloostvalkenburg.com\/fr\/autre\/faq\/\">FAQ<\/a><a class=\"btn btn-primary me-2 mb-2\" href=\"https:\/\/staging.kasteeloostvalkenburg.com\/fr\/autre\/koonings\/\">Koonings<\/a><a class=\"btn btn-primary me-2 mb-2\" href=\"https:\/\/staging.kasteeloostvalkenburg.com\/fr\/autre\/a-propos-de-nous\/\">A propos de nous<\/a><a class=\"btn btn-primary me-2 mb-2\" href=\"https:\/\/staging.kasteeloostvalkenburg.com\/fr\/autre\/travailler-a\/\">Travailler \u00e0<\/a><\/div>\n<\/p>\r\n\r\n                        \r\n                    <\/div>\r\n                <\/div>\r\n            <\/div>\r\n            <div class=\"col-12 col-lg-5\">\r\n                                    <div class=\"hero__image\">\r\n                        <img decoding=\"async\" src=\"https:\/\/staging.kasteeloostvalkenburg.com\/wp-content\/uploads\/2025\/03\/KOO_Aad_Valkenburg.jpeg\" alt=\"\">\r\n                    <\/div>\r\n                            <\/div>\r\n        <\/div>\r\n    <\/section>\r\n\r\n\r\n<div class=\"eye-block empty-space empty-space--large pt-md-5 pb-md-5 pt-4 pb-4\" ><\/div>\r\n    <div class=\"eye-block contentblock fade-in-animation\">\r\n        <div class=\"contentblock__overlapping-images\">\r\n            <div class=\"row\">\r\n                <div class=\"col-12 col-lg-7\">\r\n                    <div class=\"contentblock__overlapping-images__content\">\r\n                                                <h2>A propos de nous<\/h2>\r\n                        <div class=\"contentblock__overlapping-images__content-text\">\r\n                            <p>Kasteel Oost est un lieu o\u00f9 l&rsquo;histoire et l&rsquo;hospitalit\u00e9 se rencontrent. Notre ch\u00e2teau atmosph\u00e9rique et la nature environnante en font la destination id\u00e9ale pour des moments privil\u00e9gi\u00e9s. Mais qui sommes-nous vraiment ? D\u00e9couvrez notre histoire et ce qui rend Kasteel Oost si unique.   <\/p>\n                        <\/div>\r\n\r\n                                                                                    <a href=\"https:\/\/staging.kasteeloostvalkenburg.com\/fr\/autre\/a-propos-de-nous\/\"                                        class=\"link\">Plus d&#039;informations<\/a>\r\n                                                    \r\n                    <\/div>\r\n                <\/div>\r\n                <div class=\"col-12 col-lg-5 overlap\">\r\n                    <div class=\"contentblock__overlapping-images__images\">\r\n                        <img decoding=\"async\" class=\"skip-lazy\" src=\"https:\/\/staging.kasteeloostvalkenburg.com\/wp-content\/uploads\/2025\/02\/e3c710c4-33ce-446b-a5ee-60e76f861158-bewerkt.jpg\" alt=\"\">\r\n                        <img decoding=\"async\" class=\"skip-lazy\" src=\"https:\/\/staging.kasteeloostvalkenburg.com\/wp-content\/uploads\/2025\/03\/KOO_Aad_Valkenburg.jpeg\" alt=\"\">\r\n                        <img decoding=\"async\" class=\"skip-lazy\" src=\"https:\/\/staging.kasteeloostvalkenburg.com\/wp-content\/uploads\/2025\/03\/Rijksmonument_36828_Kasteel_Oost_Valkenburg-scaled.jpeg\" alt=\"\">\r\n                    <\/div>\r\n                <\/div>\r\n            <\/div>\r\n        <\/div>\r\n    <\/div>\r\n\r\n\r\n\r\n<div class=\"eye-block empty-space empty-space--large pt-md-5 pb-md-5 pt-4 pb-4\" ><\/div>\r\n    <div class=\"eye-block contentblock fade-in-animation\">\r\n        <div class=\"contentblock__image-right__container\">\r\n            <div class=\"contentblock__image-right\">\r\n                <div class=\"row\">\r\n                    <div class=\"col-12 col-lg-7 p-lg-1 d-flex align-items-center\">\r\n                        <div class=\"contentblock__image-right__content\">\r\n                                                        <h2>Travailler \u00e0<\/h2>\r\n                            <div class=\"contentblock__image-right__content-text\">\r\n                                <p>Voulez-vous faire partie d&rsquo;une \u00e9quipe inspirante dans un lieu unique ? \u00c0 l&rsquo;adresse Kasteel Oost, nous sommes toujours \u00e0 la recherche de talents enthousiastes pour occuper divers postes au sein de notre organisation d&rsquo;accueil et d&rsquo;\u00e9v\u00e9nements. Jetez un coup d&rsquo;\u0153il \u00e0 nos offres d&#8217;emploi et d\u00e9couvrez comment vous pouvez commencer votre carri\u00e8re avec nous.  <\/p>\n                            <\/div>\r\n\r\n                                                                                                <a href=\"https:\/\/staging.kasteeloostvalkenburg.com\/fr\/autre\/travailler-a\/\"                                            class=\"link\">Consultez nos offres d&#039;emploi<\/a>\r\n                                                            \r\n                        <\/div>\r\n                    <\/div>\r\n                    <div class=\"col-12 col-lg-5 p-lg-1\">\r\n                        <div class=\"contentblock__image-right__image\">\r\n                            <img decoding=\"async\" data-speed=\"1.5\" src=\"https:\/\/staging.kasteeloostvalkenburg.com\/wp-content\/uploads\/2025\/04\/mon-reve-1-scaled.jpg\" alt=\"\">\r\n                        <\/div>\r\n                    <\/div>\r\n                <\/div>\r\n            <\/div>\r\n        <\/div>\r\n    <\/div>\r\n\r\n\r\n<div class=\"eye-block empty-space empty-space--large pt-md-5 pb-md-5 pt-4 pb-4\" ><\/div>\r\n    <div class=\"eye-block contentblock fade-in-animation\">\r\n        <div class=\"contentblock__colored-bg bg--lightbeige\">\r\n            <div class=\"row gx-6\">\r\n                <div class=\"col-12 col-lg-6\">\r\n                    <div class=\"contentblock__colored-bg__image\">\r\n                        <img decoding=\"async\" src=\"https:\/\/staging.kasteeloostvalkenburg.com\/wp-content\/uploads\/2025\/03\/rijksmonument_36828_kasteel_oost_valkenburg_0-scaled-e1720178932176.png\" alt=\"\">\r\n                    <\/div>\r\n                <\/div>\r\n                <div class=\"col-12 col-lg-6 d-flex align-items-center\">\r\n                    <div class=\"contentblock__colored-bg__content\">\r\n                                                <h2>Contact<\/h2>\r\n                        <div class=\"contentblock__colored-bg__content-text\">\r\n                            <p>Vous avez des questions ou souhaitez planifier un \u00e9v\u00e9nement imm\u00e9diatement ? Notre \u00e9quipe est pr\u00eate \u00e0 vous aider. Contactez-nous et d\u00e9couvrez les possibilit\u00e9s qui s&rsquo;offrent \u00e0 vous. Nous nous r\u00e9jouissons de votre visite !   <\/p>\n                        <\/div>\r\n\r\n                                                                                    <a href=\"https:\/\/staging.kasteeloostvalkenburg.com\/fr\/autre\/contact\/\"                                        class=\"link\">Contactez nous<\/a>\r\n                                                    \r\n                    <\/div>\r\n                <\/div>\r\n            <\/div>\r\n        <\/div>\r\n    <\/div>\r\n\r\n\r\n<div class=\"eye-block empty-space empty-space--custom \" style=\"height: 10rem\"><\/div>\r\n    <div class=\"eye-block contentblock fade-in-animation\">\r\n        <div class=\"contentblock__arrow-split__container\">\r\n            <div class=\"contentblock__arrow-split\">\r\n                <div class=\"contentblock__arrow-split__title\">\r\n                                        <h2>Questions fr\u00e9quemment pos\u00e9es<\/h2>\r\n                <\/div>\r\n                <div class=\"contentblock__arrow-split__seperator\">\r\n                    <img decoding=\"async\" src=\"https:\/\/staging.kasteeloostvalkenburg.com\/wp-content\/themes\/kasteeloost\/images\/arrow-decoration.svg\" alt=\"Arrow seperator\">\r\n                <\/div>\r\n                <div class=\"contentblock__arrow-split__text\">\r\n                    <p>Vous avez une question \u00e0 poser ? La r\u00e9ponse se trouve peut-\u00eatre d\u00e9j\u00e0 dans notre foire aux questions. Qu&rsquo;il s&rsquo;agisse d&rsquo;informations sur les r\u00e9servations ou sur les installations et les services, vous trouverez ici rapidement et facilement les informations que vous recherchez.  <\/p>\n                                                                        <a href=\"https:\/\/staging.kasteeloostvalkenburg.com\/fr\/autre\/faq\/\"                                    class=\"link\">Voir les questions fr\u00e9quemment pos\u00e9es<\/a>\r\n                                                            <\/div>\r\n            <\/div>\r\n        <\/div>\r\n    <\/div>\r\n\r\n\r\n<div class=\"eye-block empty-space empty-space--large pt-md-5 pb-md-5 pt-4 pb-4\" ><\/div>","protected":false},"excerpt":{"rendered":"","protected":false},"author":1,"featured_media":0,"parent":0,"menu_order":0,"comment_status":"closed","ping_status":"closed","template":"","meta":{"_acf_changed":false,"ghostkit_customizer_options":"","ghostkit_custom_css":"","ghostkit_custom_js_head":"","ghostkit_custom_js_foot":"","ghostkit_typography":"","footnotes":""},"class_list":["post-1480","page","type-page","status-publish","hentry"],"acf":[],"yoast_head":"<!-- This site is optimized with the Yoast SEO plugin v26.2 - https:\/\/yoast.com\/wordpress\/plugins\/seo\/ -->\n<title>D\u00e9couvrez tout sur Kasteel Oost | Fauquemont<\/title>\n<meta name=\"description\" content=\"En plus de notre site d&#039;\u00e9v\u00e9nements sp\u00e9ciaux, nous vous offrons bien plus. Apprenez \u00e0 mieux nous conna\u00eetre, d\u00e9couvrez les opportunit\u00e9s de carri\u00e8re ou trouvez les r\u00e9ponses \u00e0 vos questions.\" \/>\n<meta name=\"robots\" content=\"noindex, follow, max-snippet:-1, max-image-preview:large, max-video-preview:-1\" \/>\n<meta property=\"og:locale\" content=\"fr_FR\" \/>\n<meta property=\"og:type\" content=\"article\" \/>\n<meta property=\"og:title\" content=\"D\u00e9couvrez tout sur Kasteel Oost | Fauquemont\" \/>\n<meta property=\"og:description\" content=\"En plus de notre site d&#039;\u00e9v\u00e9nements sp\u00e9ciaux, nous vous offrons bien plus. Apprenez \u00e0 mieux nous conna\u00eetre, d\u00e9couvrez les opportunit\u00e9s de carri\u00e8re ou trouvez les r\u00e9ponses \u00e0 vos questions.\" \/>\n<meta property=\"og:url\" content=\"https:\/\/staging.kasteeloostvalkenburg.com\/fr\/autre\/\" \/>\n<meta property=\"og:site_name\" content=\"Kasteel Oost\" \/>\n<meta property=\"article:publisher\" content=\"https:\/\/www.facebook.com\/Kooningstheweddingpalace\" \/>\n<meta property=\"article:modified_time\" content=\"2025-05-06T08:53:51+00:00\" \/>\n<meta name=\"twitter:card\" content=\"summary_large_image\" \/>\n<script type=\"application\/ld+json\" class=\"yoast-schema-graph\">{\"@context\":\"https:\/\/schema.org\",\"@graph\":[{\"@type\":\"WebPage\",\"@id\":\"https:\/\/staging.kasteeloostvalkenburg.com\/fr\/autre\/\",\"url\":\"https:\/\/staging.kasteeloostvalkenburg.com\/fr\/autre\/\",\"name\":\"D\u00e9couvrez tout sur Kasteel Oost | Fauquemont\",\"isPartOf\":{\"@id\":\"https:\/\/staging.kasteeloostvalkenburg.com\/fr\/#website\"},\"datePublished\":\"2025-03-18T13:23:05+00:00\",\"dateModified\":\"2025-05-06T08:53:51+00:00\",\"description\":\"En plus de notre site d'\u00e9v\u00e9nements sp\u00e9ciaux, nous vous offrons bien plus. Apprenez \u00e0 mieux nous conna\u00eetre, d\u00e9couvrez les opportunit\u00e9s de carri\u00e8re ou trouvez les r\u00e9ponses \u00e0 vos questions.\",\"breadcrumb\":{\"@id\":\"https:\/\/staging.kasteeloostvalkenburg.com\/fr\/autre\/#breadcrumb\"},\"inLanguage\":\"fr-FR\",\"potentialAction\":[{\"@type\":\"ReadAction\",\"target\":[\"https:\/\/staging.kasteeloostvalkenburg.com\/fr\/autre\/\"]}]},{\"@type\":\"BreadcrumbList\",\"@id\":\"https:\/\/staging.kasteeloostvalkenburg.com\/fr\/autre\/#breadcrumb\",\"itemListElement\":[{\"@type\":\"ListItem\",\"position\":1,\"name\":\"Accueil\",\"item\":\"https:\/\/staging.kasteeloostvalkenburg.com\/fr\/\"},{\"@type\":\"ListItem\",\"position\":2,\"name\":\"Autre\"}]},{\"@type\":\"WebSite\",\"@id\":\"https:\/\/staging.kasteeloostvalkenburg.com\/fr\/#website\",\"url\":\"https:\/\/staging.kasteeloostvalkenburg.com\/fr\/\",\"name\":\"Kasteel Oost\",\"description\":\"\",\"publisher\":{\"@id\":\"https:\/\/staging.kasteeloostvalkenburg.com\/fr\/#organization\"},\"potentialAction\":[{\"@type\":\"SearchAction\",\"target\":{\"@type\":\"EntryPoint\",\"urlTemplate\":\"https:\/\/staging.kasteeloostvalkenburg.com\/fr\/?s={search_term_string}\"},\"query-input\":{\"@type\":\"PropertyValueSpecification\",\"valueRequired\":true,\"valueName\":\"search_term_string\"}}],\"inLanguage\":\"fr-FR\"},{\"@type\":\"Organization\",\"@id\":\"https:\/\/staging.kasteeloostvalkenburg.com\/fr\/#organization\",\"name\":\"Kasteel Oost\",\"url\":\"https:\/\/staging.kasteeloostvalkenburg.com\/fr\/\",\"logo\":{\"@type\":\"ImageObject\",\"inLanguage\":\"fr-FR\",\"@id\":\"https:\/\/staging.kasteeloostvalkenburg.com\/fr\/#\/schema\/logo\/image\/\",\"url\":\"https:\/\/staging.kasteeloostvalkenburg.com\/wp-content\/uploads\/2025\/04\/KasteelOost-logo-darkgray.png\",\"contentUrl\":\"https:\/\/staging.kasteeloostvalkenburg.com\/wp-content\/uploads\/2025\/04\/KasteelOost-logo-darkgray.png\",\"width\":413,\"height\":318,\"caption\":\"Kasteel Oost\"},\"image\":{\"@id\":\"https:\/\/staging.kasteeloostvalkenburg.com\/fr\/#\/schema\/logo\/image\/\"},\"sameAs\":[\"https:\/\/www.facebook.com\/Kooningstheweddingpalace\",\"https:\/\/www.instagram.com\/kasteeloost\/\",\"https:\/\/www.tiktok.com\/@kooningstheweddingpalace\",\"https:\/\/nl.pinterest.com\/koonings\/\"]}]}<\/script>\n<!-- \/ Yoast SEO plugin. -->","yoast_head_json":{"title":"D\u00e9couvrez tout sur Kasteel Oost | Fauquemont","description":"En plus de notre site d'\u00e9v\u00e9nements sp\u00e9ciaux, nous vous offrons bien plus. Apprenez \u00e0 mieux nous conna\u00eetre, d\u00e9couvrez les opportunit\u00e9s de carri\u00e8re ou trouvez les r\u00e9ponses \u00e0 vos questions.","robots":{"index":"noindex","follow":"follow","max-snippet":"max-snippet:-1","max-image-preview":"max-image-preview:large","max-video-preview":"max-video-preview:-1"},"og_locale":"fr_FR","og_type":"article","og_title":"D\u00e9couvrez tout sur Kasteel Oost | Fauquemont","og_description":"En plus de notre site d'\u00e9v\u00e9nements sp\u00e9ciaux, nous vous offrons bien plus. Apprenez \u00e0 mieux nous conna\u00eetre, d\u00e9couvrez les opportunit\u00e9s de carri\u00e8re ou trouvez les r\u00e9ponses \u00e0 vos questions.","og_url":"https:\/\/staging.kasteeloostvalkenburg.com\/fr\/autre\/","og_site_name":"Kasteel Oost","article_publisher":"https:\/\/www.facebook.com\/Kooningstheweddingpalace","article_modified_time":"2025-05-06T08:53:51+00:00","twitter_card":"summary_large_image","schema":{"@context":"https:\/\/schema.org","@graph":[{"@type":"WebPage","@id":"https:\/\/staging.kasteeloostvalkenburg.com\/fr\/autre\/","url":"https:\/\/staging.kasteeloostvalkenburg.com\/fr\/autre\/","name":"D\u00e9couvrez tout sur Kasteel Oost | Fauquemont","isPartOf":{"@id":"https:\/\/staging.kasteeloostvalkenburg.com\/fr\/#website"},"datePublished":"2025-03-18T13:23:05+00:00","dateModified":"2025-05-06T08:53:51+00:00","description":"En plus de notre site d'\u00e9v\u00e9nements sp\u00e9ciaux, nous vous offrons bien plus. Apprenez \u00e0 mieux nous conna\u00eetre, d\u00e9couvrez les opportunit\u00e9s de carri\u00e8re ou trouvez les r\u00e9ponses \u00e0 vos questions.","breadcrumb":{"@id":"https:\/\/staging.kasteeloostvalkenburg.com\/fr\/autre\/#breadcrumb"},"inLanguage":"fr-FR","potentialAction":[{"@type":"ReadAction","target":["https:\/\/staging.kasteeloostvalkenburg.com\/fr\/autre\/"]}]},{"@type":"BreadcrumbList","@id":"https:\/\/staging.kasteeloostvalkenburg.com\/fr\/autre\/#breadcrumb","itemListElement":[{"@type":"ListItem","position":1,"name":"Accueil","item":"https:\/\/staging.kasteeloostvalkenburg.com\/fr\/"},{"@type":"ListItem","position":2,"name":"Autre"}]},{"@type":"WebSite","@id":"https:\/\/staging.kasteeloostvalkenburg.com\/fr\/#website","url":"https:\/\/staging.kasteeloostvalkenburg.com\/fr\/","name":"Kasteel Oost","description":"","publisher":{"@id":"https:\/\/staging.kasteeloostvalkenburg.com\/fr\/#organization"},"potentialAction":[{"@type":"SearchAction","target":{"@type":"EntryPoint","urlTemplate":"https:\/\/staging.kasteeloostvalkenburg.com\/fr\/?s={search_term_string}"},"query-input":{"@type":"PropertyValueSpecification","valueRequired":true,"valueName":"search_term_string"}}],"inLanguage":"fr-FR"},{"@type":"Organization","@id":"https:\/\/staging.kasteeloostvalkenburg.com\/fr\/#organization","name":"Kasteel Oost","url":"https:\/\/staging.kasteeloostvalkenburg.com\/fr\/","logo":{"@type":"ImageObject","inLanguage":"fr-FR","@id":"https:\/\/staging.kasteeloostvalkenburg.com\/fr\/#\/schema\/logo\/image\/","url":"https:\/\/staging.kasteeloostvalkenburg.com\/wp-content\/uploads\/2025\/04\/KasteelOost-logo-darkgray.png","contentUrl":"https:\/\/staging.kasteeloostvalkenburg.com\/wp-content\/uploads\/2025\/04\/KasteelOost-logo-darkgray.png","width":413,"height":318,"caption":"Kasteel Oost"},"image":{"@id":"https:\/\/staging.kasteeloostvalkenburg.com\/fr\/#\/schema\/logo\/image\/"},"sameAs":["https:\/\/www.facebook.com\/Kooningstheweddingpalace","https:\/\/www.instagram.com\/kasteeloost\/","https:\/\/www.tiktok.com\/@kooningstheweddingpalace","https:\/\/nl.pinterest.com\/koonings\/"]}]}},"_links":{"self":[{"href":"https:\/\/staging.kasteeloostvalkenburg.com\/fr\/wp-json\/wp\/v2\/pages\/1480","targetHints":{"allow":["GET"]}}],"collection":[{"href":"https:\/\/staging.kasteeloostvalkenburg.com\/fr\/wp-json\/wp\/v2\/pages"}],"about":[{"href":"https:\/\/staging.kasteeloostvalkenburg.com\/fr\/wp-json\/wp\/v2\/types\/page"}],"author":[{"embeddable":true,"href":"https:\/\/staging.kasteeloostvalkenburg.com\/fr\/wp-json\/wp\/v2\/users\/1"}],"replies":[{"embeddable":true,"href":"https:\/\/staging.kasteeloostvalkenburg.com\/fr\/wp-json\/wp\/v2\/comments?post=1480"}],"version-history":[{"count":6,"href":"https:\/\/staging.kasteeloostvalkenburg.com\/fr\/wp-json\/wp\/v2\/pages\/1480\/revisions"}],"predecessor-version":[{"id":3096,"href":"https:\/\/staging.kasteeloostvalkenburg.com\/fr\/wp-json\/wp\/v2\/pages\/1480\/revisions\/3096"}],"wp:attachment":[{"href":"https:\/\/staging.kasteeloostvalkenburg.com\/fr\/wp-json\/wp\/v2\/media?parent=1480"}],"curies":[{"name":"wp","href":"https:\/\/api.w.org\/{rel}","templated":true}]}}