{"id":1680,"date":"2025-03-18T13:26:32","date_gmt":"2025-03-18T13:26:32","guid":{"rendered":"https:\/\/kasteeloostvalkenburg.com\/restaurant\/arrangements\/"},"modified":"2025-05-07T12:12:04","modified_gmt":"2025-05-07T12:12:04","slug":"arrangements","status":"publish","type":"page","link":"https:\/\/staging.kasteeloostvalkenburg.com\/de\/restaurant\/arrangements\/","title":{"rendered":"Arrangements"},"content":{"rendered":"\r\n    <section class=\"hero image-right\">\r\n        <div class=\"row d-flex align-items-center\">\r\n            <div class=\"col-12 col-lg-7\">\r\n                <div class=\"hero__intro\">\r\n                                            <div class=\"eye-block breadcrumbs-wrapper\">\r\n                            \r\n            <ul class=\"site-breadcrumbs\">\r\n                <li class=\"crumb\">\r\n                    <a class=\"disable-line\" href=\"https:\/\/staging.kasteeloostvalkenburg.com\">\r\n                        <i class=\"fa-regular fa-home\"><\/i>\r\n                    <\/a>\r\n                <\/li>\r\n                                    <div class=\"divider\"><\/div>\r\n                    <li class=\"crumb first\">\r\n                        <a class=\"disable-line\" href=\"https:\/\/staging.kasteeloostvalkenburg.com\/de\/restaurant\/\">Restaurant<\/a>\r\n                    <\/li>\r\n                                        <div class=\"divider\"><\/div>\r\n                    <li class=\"crumb \">\r\n                        <a class=\"disable-line\" href=\"https:\/\/staging.kasteeloostvalkenburg.com\/de\/restaurant\/arrangements\/\">Arrangements<\/a>\r\n                    <\/li>\r\n                                <\/ul>\r\n        \r\n                                        <\/div>\r\n                                        <p class=\"hero__intro-subtitle\">Entdecken Sie die Arrangements bei Mon R\u00eave<\/p>\r\n                    <h1>Die richtigen K\u00f6stlichkeiten kommen selten allein<\/h1>\r\n                    <div class=\"hero__intro-content\">\r\n                        <p><p>Haben Sie Lust auf einen k\u00f6stlichen Nachmittag voller Geschmack und Geselligkeit? Im Mon R\u00eave k\u00f6nnen Sie ausgiebig dinieren. Und unsere Arrangements sind perfekt f\u00fcr jeden Anlass. Ob Sie einen Moment der Entspannung mit Freundinnen suchen, ein gem\u00fctliches Treffen mit Kollegen planen oder jemanden mit einem kulinarischen Erlebnis \u00fcberraschen wollen &#8211; wir bieten Ihnen ein unvergessliches Erlebnis.<\/p>\n<\/p>\r\n\r\n                        \r\n                    <\/div>\r\n                <\/div>\r\n            <\/div>\r\n            <div class=\"col-12 col-lg-5\">\r\n                                    <div class=\"hero__image\">\r\n                        <img decoding=\"async\" src=\"https:\/\/staging.kasteeloostvalkenburg.com\/wp-content\/uploads\/2025\/04\/High-Tea-en-High-Wine-31-scaled-e1744614474225.jpg\" alt=\"\">\r\n                    <\/div>\r\n                            <\/div>\r\n        <\/div>\r\n    <\/section>\r\n\r\n\n\n\r\n<div class=\"eye-block empty-space empty-space--large pt-md-5 pb-md-5 pt-4 pb-4\" ><\/div>\n\n\r\n    <div class=\"eye-block contentblock fade-in-animation\">\r\n        <div class=\"contentblock__colored-bg alt\">\r\n            <div class=\"row gx-6\">\r\n                <div class=\"col-12 col-lg-6\">\r\n                    <div class=\"contentblock__colored-bg__image alt\">\r\n                        <img decoding=\"async\" src=\"https:\/\/staging.kasteeloostvalkenburg.com\/wp-content\/uploads\/2025\/03\/High-Tea-en-High-Wine-18-scaled.jpg\" alt=\"\" data-speed=\".5\">\r\n                    <\/div>\r\n                <\/div>\r\n                <div class=\"col-12 col-lg-6\">\r\n                    <div class=\"contentblock__colored-bg__content-alt\">\r\n                        <div class=\"filled-block\">\r\n                                                        <h2>High Tea<\/h2>\r\n                        <\/div>\r\n                        <div class=\"contentblock__colored-bg__content-text\">\r\n                            <p>Unser High Tea ist ein Fest f\u00fcr Liebhaber s\u00fc\u00dfer und herzhafter K\u00f6stlichkeiten. Freuen Sie sich auf eine abwechslungsreiche Auswahl an saisonalen Spezialit\u00e4ten. Selbstverst\u00e4ndlich bleibt Ihre Tasse stets gef\u00fcllt, denn wir schenken unbegrenzt Kaffee und Tee aus. Die ideale Wahl f\u00fcr einen entspannten Nachmittag in geselliger Runde.<\/p>\n<p>\u2022 S\u00fc\u00dfe H\u00e4ppchen<br \/>\n\u2022 Herzhafte Leckereien<br \/>\n\u2022 T\u00e4sschen Suppe<br \/>\n\u2022 Unbegrenzt Kaffee und Tee<\/p>\n                        <\/div>\r\n\r\n                                                                                    <a                                        class=\"link\" onclick=\"_gstpln.openWidget();\">Buchen Sie Ihren High Tea<\/a>\r\n                                                                        <\/div>\r\n                <\/div>\r\n            <\/div>\r\n        <\/div>\r\n    <\/div>\r\n\n\n\r\n<div class=\"eye-block empty-space empty-space--large pt-md-5 pb-md-5 pt-4 pb-4\" ><\/div>\n\n\r\n    <div class=\"eye-block contentblock fade-in-animation\">\r\n        <div class=\"contentblock__colored-bg bg--darkgray\">\r\n            <div class=\"row gx-6\">\r\n                <div class=\"col-12 col-lg-6\">\r\n                    <div class=\"contentblock__colored-bg__image\">\r\n                        <img decoding=\"async\" src=\"https:\/\/staging.kasteeloostvalkenburg.com\/wp-content\/uploads\/2025\/03\/High-Tea-en-High-Wine-44-1-scaled.jpg\" alt=\"\">\r\n                    <\/div>\r\n                <\/div>\r\n                <div class=\"col-12 col-lg-6 d-flex align-items-center\">\r\n                    <div class=\"contentblock__colored-bg__content\">\r\n                                                <h2>High Wine<\/h2>\r\n                        <div class=\"contentblock__colored-bg__content-text\">\r\n                            <p>F\u00fcr Weinliebhaber bieten wir unsere High Wine an: eine erlesene Auswahl an Weinen, kombiniert mit passenden kulinarischen H\u00e4ppchen. Die saisonal wechselnden kleinen Gerichte garantieren beste Qualit\u00e4t der Zutaten. Jedes Gericht ist perfekt auf den jeweiligen Wein abgestimmt und bringt dessen Aromen optimal zur Geltung. Eine elegante und geschmackvolle Art, einen entspannten Nachmittag oder Abend zu verbringen.   <\/p>\n                        <\/div>\r\n\r\n                                                                                    <a                                        class=\"link\" onclick=\"_gstpln.openWidget();\">Buchen Sie Ihren High Wine<\/a>\r\n                                                    \r\n                    <\/div>\r\n                <\/div>\r\n            <\/div>\r\n        <\/div>\r\n    <\/div>\r\n\r\n\n\n\r\n<div class=\"eye-block empty-space empty-space--large pt-md-5 pb-md-5 pt-4 pb-4\" ><\/div>\n\n\r\n    <div class=\"eye-block contentblock fade-in-animation\">\r\n        <div class=\"contentblock__colored-bg alt\">\r\n            <div class=\"row gx-6\">\r\n                <div class=\"col-12 col-lg-6\">\r\n                    <div class=\"contentblock__colored-bg__image alt\">\r\n                        <img decoding=\"async\" src=\"https:\/\/staging.kasteeloostvalkenburg.com\/wp-content\/uploads\/2025\/04\/Fotos-Kasteel-Oost-17-scaled-e1744617403745.jpg\" alt=\"\" data-speed=\".5\">\r\n                    <\/div>\r\n                <\/div>\r\n                <div class=\"col-12 col-lg-6\">\r\n                    <div class=\"contentblock__colored-bg__content-alt\">\r\n                        <div class=\"filled-block\">\r\n                                                        <h2>High Beer<\/h2>\r\n                        <\/div>\r\n                        <div class=\"contentblock__colored-bg__content-text\">\r\n                            <p>Bierliebhaber kommen bei unserem High Beer voll auf ihre Kosten. Lassen Sie sich von einer sorgf\u00e4ltig zusammengestellten Auswahl an besonderen Bieren \u00fcberraschen, serviert mit passenden herzhaften Snacks. Dieses Arrangement bietet eine perfekte Balance zwischen Geschmack und Erlebnis \u2013 ideal f\u00fcr alle, die charakterstarke Biere und gesellige Momente sch\u00e4tzen.<\/p>\n                        <\/div>\r\n\r\n                                                                                    <a                                        class=\"link\" onclick=\"_gstpln.openWidget();\">Buchen Sie Ihren High Beer<\/a>\r\n                                                                        <\/div>\r\n                <\/div>\r\n            <\/div>\r\n        <\/div>\r\n    <\/div>\r\n\n\n\r\n<div class=\"eye-block empty-space empty-space--large pt-md-5 pb-md-5 pt-4 pb-4\" ><\/div>\n\n\r\n<div class=\"eye-block end-of-page-link\">\r\n    <div class=\"end-of-page-link__intro\">\r\n        <p>Entdecken Sie<\/p>\r\n        <h2 class=\"no-fancy-letter\">Kasteel Oost<\/h2>\r\n        <a href=\"\/album\" class=\"btn btn-primary\">Galerij<\/a>\r\n    <\/div>\r\n    <div class=\"end-of-page-link__images\">\r\n                    <a href=\"\/de\/hotel\" class=\"end-of-page-link__images-item\">\r\n                <p>Hotel<\/p>\r\n                <img decoding=\"async\" src=\"https:\/\/staging.kasteeloostvalkenburg.com\/wp-content\/uploads\/2025\/03\/Suites-Thumbnail-scaled.webp\" alt=\"Hotel\">\r\n            <\/a>\r\n                    <a href=\"\/de\/restaurant\" class=\"end-of-page-link__images-item\">\r\n                <p>Restaurant<\/p>\r\n                <img decoding=\"async\" src=\"https:\/\/staging.kasteeloostvalkenburg.com\/wp-content\/uploads\/2025\/03\/Restaurant-Thumbnail-scaled.webp\" alt=\"Restaurant\">\r\n            <\/a>\r\n            <\/div>\r\n<\/div>\r\n","protected":false},"excerpt":{"rendered":"","protected":false},"author":1,"featured_media":0,"parent":1678,"menu_order":0,"comment_status":"closed","ping_status":"closed","template":"","meta":{"_acf_changed":false,"ghostkit_customizer_options":"","ghostkit_custom_css":"","ghostkit_custom_js_head":"","ghostkit_custom_js_foot":"","ghostkit_typography":"","footnotes":""},"class_list":["post-1680","page","type-page","status-publish","hentry"],"acf":[],"yoast_head":"<!-- This site is optimized with the Yoast SEO plugin v26.2 - https:\/\/yoast.com\/wordpress\/plugins\/seo\/ -->\n<title>Kulinarische Pakete | Mon R\u00eave Valkenburg<\/title>\n<meta name=\"description\" content=\"Lust auf einen k\u00f6stlichen Nachmittag voller Geschmack und Gem\u00fctlichkeit? Im Mon R\u00eave k\u00f6nnen Sie ausgiebig dinieren. Buchen Sie jetzt Ihr kulinarisches Paket unter Schloss Oost &gt;\" \/>\n<meta name=\"robots\" content=\"noindex, follow, max-snippet:-1, max-image-preview:large, max-video-preview:-1\" \/>\n<meta property=\"og:locale\" content=\"de_DE\" \/>\n<meta property=\"og:type\" content=\"article\" \/>\n<meta property=\"og:title\" content=\"Kulinarische Pakete | Mon R\u00eave Valkenburg\" \/>\n<meta property=\"og:description\" content=\"Lust auf einen k\u00f6stlichen Nachmittag voller Geschmack und Gem\u00fctlichkeit? Im Mon R\u00eave k\u00f6nnen Sie ausgiebig dinieren. Buchen Sie jetzt Ihr kulinarisches Paket unter Schloss Oost &gt;\" \/>\n<meta property=\"og:url\" content=\"https:\/\/staging.kasteeloostvalkenburg.com\/de\/restaurant\/arrangements\/\" \/>\n<meta property=\"og:site_name\" content=\"Kasteel Oost\" \/>\n<meta property=\"article:publisher\" content=\"https:\/\/www.facebook.com\/Kooningstheweddingpalace\" \/>\n<meta property=\"article:modified_time\" content=\"2025-05-07T12:12:04+00:00\" \/>\n<meta name=\"twitter:card\" content=\"summary_large_image\" \/>\n<script type=\"application\/ld+json\" class=\"yoast-schema-graph\">{\"@context\":\"https:\/\/schema.org\",\"@graph\":[{\"@type\":\"WebPage\",\"@id\":\"https:\/\/staging.kasteeloostvalkenburg.com\/de\/restaurant\/arrangements\/\",\"url\":\"https:\/\/staging.kasteeloostvalkenburg.com\/de\/restaurant\/arrangements\/\",\"name\":\"Kulinarische Pakete | Mon R\u00eave Valkenburg\",\"isPartOf\":{\"@id\":\"https:\/\/staging.kasteeloostvalkenburg.com\/de\/#website\"},\"datePublished\":\"2025-03-18T13:26:32+00:00\",\"dateModified\":\"2025-05-07T12:12:04+00:00\",\"description\":\"Lust auf einen k\u00f6stlichen Nachmittag voller Geschmack und Gem\u00fctlichkeit? Im Mon R\u00eave k\u00f6nnen Sie ausgiebig dinieren. Buchen Sie jetzt Ihr kulinarisches Paket unter Schloss Oost >\",\"breadcrumb\":{\"@id\":\"https:\/\/staging.kasteeloostvalkenburg.com\/de\/restaurant\/arrangements\/#breadcrumb\"},\"inLanguage\":\"de\",\"potentialAction\":[{\"@type\":\"ReadAction\",\"target\":[\"https:\/\/staging.kasteeloostvalkenburg.com\/de\/restaurant\/arrangements\/\"]}]},{\"@type\":\"BreadcrumbList\",\"@id\":\"https:\/\/staging.kasteeloostvalkenburg.com\/de\/restaurant\/arrangements\/#breadcrumb\",\"itemListElement\":[{\"@type\":\"ListItem\",\"position\":1,\"name\":\"Startseite\",\"item\":\"https:\/\/staging.kasteeloostvalkenburg.com\/de\/startseite\/\"},{\"@type\":\"ListItem\",\"position\":2,\"name\":\"Restaurant\",\"item\":\"https:\/\/staging.kasteeloostvalkenburg.com\/de\/restaurant\/\"},{\"@type\":\"ListItem\",\"position\":3,\"name\":\"Arrangements\"}]},{\"@type\":\"WebSite\",\"@id\":\"https:\/\/staging.kasteeloostvalkenburg.com\/de\/#website\",\"url\":\"https:\/\/staging.kasteeloostvalkenburg.com\/de\/\",\"name\":\"Kasteel Oost\",\"description\":\"\",\"publisher\":{\"@id\":\"https:\/\/staging.kasteeloostvalkenburg.com\/de\/#organization\"},\"potentialAction\":[{\"@type\":\"SearchAction\",\"target\":{\"@type\":\"EntryPoint\",\"urlTemplate\":\"https:\/\/staging.kasteeloostvalkenburg.com\/de\/?s={search_term_string}\"},\"query-input\":{\"@type\":\"PropertyValueSpecification\",\"valueRequired\":true,\"valueName\":\"search_term_string\"}}],\"inLanguage\":\"de\"},{\"@type\":\"Organization\",\"@id\":\"https:\/\/staging.kasteeloostvalkenburg.com\/de\/#organization\",\"name\":\"Kasteel Oost\",\"url\":\"https:\/\/staging.kasteeloostvalkenburg.com\/de\/\",\"logo\":{\"@type\":\"ImageObject\",\"inLanguage\":\"de\",\"@id\":\"https:\/\/staging.kasteeloostvalkenburg.com\/de\/#\/schema\/logo\/image\/\",\"url\":\"https:\/\/staging.kasteeloostvalkenburg.com\/wp-content\/uploads\/2025\/04\/KasteelOost-logo-darkgray.png\",\"contentUrl\":\"https:\/\/staging.kasteeloostvalkenburg.com\/wp-content\/uploads\/2025\/04\/KasteelOost-logo-darkgray.png\",\"width\":413,\"height\":318,\"caption\":\"Kasteel Oost\"},\"image\":{\"@id\":\"https:\/\/staging.kasteeloostvalkenburg.com\/de\/#\/schema\/logo\/image\/\"},\"sameAs\":[\"https:\/\/www.facebook.com\/Kooningstheweddingpalace\",\"https:\/\/www.instagram.com\/kasteeloost\/\",\"https:\/\/www.tiktok.com\/@kooningstheweddingpalace\",\"https:\/\/nl.pinterest.com\/koonings\/\"]}]}<\/script>\n<!-- \/ Yoast SEO plugin. -->","yoast_head_json":{"title":"Kulinarische Pakete | Mon R\u00eave Valkenburg","description":"Lust auf einen k\u00f6stlichen Nachmittag voller Geschmack und Gem\u00fctlichkeit? Im Mon R\u00eave k\u00f6nnen Sie ausgiebig dinieren. Buchen Sie jetzt Ihr kulinarisches Paket unter Schloss Oost >","robots":{"index":"noindex","follow":"follow","max-snippet":"max-snippet:-1","max-image-preview":"max-image-preview:large","max-video-preview":"max-video-preview:-1"},"og_locale":"de_DE","og_type":"article","og_title":"Kulinarische Pakete | Mon R\u00eave Valkenburg","og_description":"Lust auf einen k\u00f6stlichen Nachmittag voller Geschmack und Gem\u00fctlichkeit? Im Mon R\u00eave k\u00f6nnen Sie ausgiebig dinieren. Buchen Sie jetzt Ihr kulinarisches Paket unter Schloss Oost >","og_url":"https:\/\/staging.kasteeloostvalkenburg.com\/de\/restaurant\/arrangements\/","og_site_name":"Kasteel Oost","article_publisher":"https:\/\/www.facebook.com\/Kooningstheweddingpalace","article_modified_time":"2025-05-07T12:12:04+00:00","twitter_card":"summary_large_image","schema":{"@context":"https:\/\/schema.org","@graph":[{"@type":"WebPage","@id":"https:\/\/staging.kasteeloostvalkenburg.com\/de\/restaurant\/arrangements\/","url":"https:\/\/staging.kasteeloostvalkenburg.com\/de\/restaurant\/arrangements\/","name":"Kulinarische Pakete | Mon R\u00eave Valkenburg","isPartOf":{"@id":"https:\/\/staging.kasteeloostvalkenburg.com\/de\/#website"},"datePublished":"2025-03-18T13:26:32+00:00","dateModified":"2025-05-07T12:12:04+00:00","description":"Lust auf einen k\u00f6stlichen Nachmittag voller Geschmack und Gem\u00fctlichkeit? Im Mon R\u00eave k\u00f6nnen Sie ausgiebig dinieren. Buchen Sie jetzt Ihr kulinarisches Paket unter Schloss Oost >","breadcrumb":{"@id":"https:\/\/staging.kasteeloostvalkenburg.com\/de\/restaurant\/arrangements\/#breadcrumb"},"inLanguage":"de","potentialAction":[{"@type":"ReadAction","target":["https:\/\/staging.kasteeloostvalkenburg.com\/de\/restaurant\/arrangements\/"]}]},{"@type":"BreadcrumbList","@id":"https:\/\/staging.kasteeloostvalkenburg.com\/de\/restaurant\/arrangements\/#breadcrumb","itemListElement":[{"@type":"ListItem","position":1,"name":"Startseite","item":"https:\/\/staging.kasteeloostvalkenburg.com\/de\/startseite\/"},{"@type":"ListItem","position":2,"name":"Restaurant","item":"https:\/\/staging.kasteeloostvalkenburg.com\/de\/restaurant\/"},{"@type":"ListItem","position":3,"name":"Arrangements"}]},{"@type":"WebSite","@id":"https:\/\/staging.kasteeloostvalkenburg.com\/de\/#website","url":"https:\/\/staging.kasteeloostvalkenburg.com\/de\/","name":"Kasteel Oost","description":"","publisher":{"@id":"https:\/\/staging.kasteeloostvalkenburg.com\/de\/#organization"},"potentialAction":[{"@type":"SearchAction","target":{"@type":"EntryPoint","urlTemplate":"https:\/\/staging.kasteeloostvalkenburg.com\/de\/?s={search_term_string}"},"query-input":{"@type":"PropertyValueSpecification","valueRequired":true,"valueName":"search_term_string"}}],"inLanguage":"de"},{"@type":"Organization","@id":"https:\/\/staging.kasteeloostvalkenburg.com\/de\/#organization","name":"Kasteel Oost","url":"https:\/\/staging.kasteeloostvalkenburg.com\/de\/","logo":{"@type":"ImageObject","inLanguage":"de","@id":"https:\/\/staging.kasteeloostvalkenburg.com\/de\/#\/schema\/logo\/image\/","url":"https:\/\/staging.kasteeloostvalkenburg.com\/wp-content\/uploads\/2025\/04\/KasteelOost-logo-darkgray.png","contentUrl":"https:\/\/staging.kasteeloostvalkenburg.com\/wp-content\/uploads\/2025\/04\/KasteelOost-logo-darkgray.png","width":413,"height":318,"caption":"Kasteel Oost"},"image":{"@id":"https:\/\/staging.kasteeloostvalkenburg.com\/de\/#\/schema\/logo\/image\/"},"sameAs":["https:\/\/www.facebook.com\/Kooningstheweddingpalace","https:\/\/www.instagram.com\/kasteeloost\/","https:\/\/www.tiktok.com\/@kooningstheweddingpalace","https:\/\/nl.pinterest.com\/koonings\/"]}]}},"_links":{"self":[{"href":"https:\/\/staging.kasteeloostvalkenburg.com\/de\/wp-json\/wp\/v2\/pages\/1680","targetHints":{"allow":["GET"]}}],"collection":[{"href":"https:\/\/staging.kasteeloostvalkenburg.com\/de\/wp-json\/wp\/v2\/pages"}],"about":[{"href":"https:\/\/staging.kasteeloostvalkenburg.com\/de\/wp-json\/wp\/v2\/types\/page"}],"author":[{"embeddable":true,"href":"https:\/\/staging.kasteeloostvalkenburg.com\/de\/wp-json\/wp\/v2\/users\/1"}],"replies":[{"embeddable":true,"href":"https:\/\/staging.kasteeloostvalkenburg.com\/de\/wp-json\/wp\/v2\/comments?post=1680"}],"version-history":[{"count":12,"href":"https:\/\/staging.kasteeloostvalkenburg.com\/de\/wp-json\/wp\/v2\/pages\/1680\/revisions"}],"predecessor-version":[{"id":3159,"href":"https:\/\/staging.kasteeloostvalkenburg.com\/de\/wp-json\/wp\/v2\/pages\/1680\/revisions\/3159"}],"up":[{"embeddable":true,"href":"https:\/\/staging.kasteeloostvalkenburg.com\/de\/wp-json\/wp\/v2\/pages\/1678"}],"wp:attachment":[{"href":"https:\/\/staging.kasteeloostvalkenburg.com\/de\/wp-json\/wp\/v2\/media?parent=1680"}],"curies":[{"name":"wp","href":"https:\/\/api.w.org\/{rel}","templated":true}]}}